{"id":1897,"date":"2024-06-18T10:31:00","date_gmt":"2024-06-18T08:31:00","guid":{"rendered":"https:\/\/marawine.club\/?page_id=1897"},"modified":"2024-09-25T21:09:02","modified_gmt":"2024-09-25T19:09:02","slug":"mara-club","status":"publish","type":"page","link":"https:\/\/marawine.club\/en\/mara-club\/","title":{"rendered":"Mara Club"},"content":{"rendered":"<div data-elementor-type=\"wp-page\" data-elementor-id=\"1897\" class=\"elementor elementor-1897\" data-elementor-post-type=\"page\">\n\t\t\t\t<div class=\"elementor-element elementor-element-689e9ad e-flex e-con-boxed e-con e-parent\" data-id=\"689e9ad\" data-element_type=\"container\" data-e-type=\"container\" data-settings=\"{&quot;background_background&quot;:&quot;gradient&quot;}\">\n\t\t\t\t\t<div class=\"e-con-inner\">\n\t\t<div class=\"elementor-element elementor-element-dada9e5 e-con-full e-flex e-con e-child\" data-id=\"dada9e5\" data-element_type=\"container\" data-e-type=\"container\">\n\t\t\t\t<div class=\"elementor-element elementor-element-88307a0 elementor-widget elementor-widget-image\" data-id=\"88307a0\" data-element_type=\"widget\" data-e-type=\"widget\" data-widget_type=\"image.default\">\n\t\t\t\t<div class=\"elementor-widget-container\">\n\t\t\t\t\t\t\t\t\t\t\t\t\t\t\t<img fetchpriority=\"high\" decoding=\"async\" width=\"500\" height=\"500\" src=\"https:\/\/marawine.club\/wp-content\/uploads\/2024\/06\/logoMara_transparent.png\" class=\"attachment-large size-large wp-image-1545\" alt=\"\" srcset=\"https:\/\/marawine.club\/wp-content\/uploads\/2024\/06\/logoMara_transparent.png 500w, https:\/\/marawine.club\/wp-content\/uploads\/2024\/06\/logoMara_transparent-300x300.png 300w, https:\/\/marawine.club\/wp-content\/uploads\/2024\/06\/logoMara_transparent-150x150.png 150w\" sizes=\"(max-width: 500px) 100vw, 500px\" \/>\t\t\t\t\t\t\t\t\t\t\t\t\t\t\t<\/div>\n\t\t\t\t<\/div>\n\t\t\t\t<div class=\"elementor-element elementor-element-c8a7adc elementor-widget elementor-widget-html\" data-id=\"c8a7adc\" data-element_type=\"widget\" data-e-type=\"widget\" data-widget_type=\"html.default\">\n\t\t\t\t<div class=\"elementor-widget-container\">\n\t\t\t\t\t<div class=\"centered-container\">\r\n    <h1 class=\"elementor-heading-title elementor-size-default custom-title\">Mara club<\/h1>\r\n<\/div>\r\n\t\t\t\t<\/div>\n\t\t\t\t<\/div>\n\t\t\t\t<\/div>\n\t\t\t\t\t<\/div>\n\t\t\t\t<\/div>\n\t\t<div class=\"elementor-element elementor-element-d566ec4 e-flex e-con-boxed e-con e-parent\" data-id=\"d566ec4\" data-element_type=\"container\" data-e-type=\"container\">\n\t\t\t\t\t<div class=\"e-con-inner\">\n\t\t<div class=\"elementor-element elementor-element-d2b3ac8 e-con-full e-flex e-con e-child\" data-id=\"d2b3ac8\" data-element_type=\"container\" data-e-type=\"container\">\n\t\t\t\t<\/div>\n\t\t<div class=\"elementor-element elementor-element-8f1f148 e-con-full e-flex e-con e-child\" data-id=\"8f1f148\" data-element_type=\"container\" data-e-type=\"container\">\n\t\t\t\t<div class=\"elementor-element elementor-element-e009fb9 elementor-widget elementor-widget-heading\" data-id=\"e009fb9\" data-element_type=\"widget\" data-e-type=\"widget\" data-widget_type=\"heading.default\">\n\t\t\t\t<div class=\"elementor-widget-container\">\n\t\t\t\t\t<h2 class=\"elementor-heading-title elementor-size-default\">Mara Club: Redefined Refinement<\/h2>\t\t\t\t<\/div>\n\t\t\t\t<\/div>\n\t\t\t\t<div class=\"elementor-element elementor-element-e08c5a0 elementor-widget elementor-widget-text-editor\" data-id=\"e08c5a0\" data-element_type=\"widget\" data-e-type=\"widget\" data-widget_type=\"text-editor.default\">\n\t\t\t\t<div class=\"elementor-widget-container\">\n\t\t\t\t\t\t\t\t\t<p>At the heart of our universe lies the Mara Club, a symphony of exclusivities and refinements where every element is meticulously crafted to provide an unparalleled experience. Designed for connoisseurs and lovers of the exceptional, the Mara Club exceeds expectations in terms of luxury and vinous pleasure.<\/p><p>Membership in the Mara Club is not merely an affiliation; it is an entry into a world where wine is celebrated as a treasure. As a member, you enjoy privileged access to exclusive collections of rare and precious wines, selected for their excellence and exceptional character, and available in limited quantities.<\/p>\t\t\t\t\t\t\t\t<\/div>\n\t\t\t\t<\/div>\n\t\t\t\t<\/div>\n\t\t<div class=\"elementor-element elementor-element-5c1c000 e-con-full e-flex e-con e-child\" data-id=\"5c1c000\" data-element_type=\"container\" data-e-type=\"container\">\n\t\t\t\t<\/div>\n\t\t\t\t\t<\/div>\n\t\t\t\t<\/div>\n\t\t<div class=\"elementor-element elementor-element-baeb1e4 e-flex e-con-boxed e-con e-parent\" data-id=\"baeb1e4\" data-element_type=\"container\" data-e-type=\"container\">\n\t\t\t\t\t<div class=\"e-con-inner\">\n\t\t<div class=\"elementor-element elementor-element-a2aa7d4 e-con-full e-flex e-con e-child\" data-id=\"a2aa7d4\" data-element_type=\"container\" data-e-type=\"container\">\n\t\t<div class=\"elementor-element elementor-element-ffbb5dc e-con-full e-flex e-con e-child\" data-id=\"ffbb5dc\" data-element_type=\"container\" data-e-type=\"container\">\n\t\t\t\t<div class=\"elementor-element elementor-element-f6c8255 elementor-widget elementor-widget-heading\" data-id=\"f6c8255\" data-element_type=\"widget\" data-e-type=\"widget\" data-widget_type=\"heading.default\">\n\t\t\t\t<div class=\"elementor-widget-container\">\n\t\t\t\t\t<h2 class=\"elementor-heading-title elementor-size-default\">Join our private club <\/h2>\t\t\t\t<\/div>\n\t\t\t\t<\/div>\n\t\t\t\t<div class=\"elementor-element elementor-element-385c6a6 elementor-align-center elementor-widget elementor-widget-button\" data-id=\"385c6a6\" data-element_type=\"widget\" data-e-type=\"widget\" data-widget_type=\"button.default\">\n\t\t\t\t<div class=\"elementor-widget-container\">\n\t\t\t\t\t\t\t\t\t<div class=\"elementor-button-wrapper\">\n\t\t\t\t\t<a class=\"elementor-button elementor-button-link elementor-size-sm\" href=\"https:\/\/marawine.club\/en\/niveaux-dadhesion\/\">\n\t\t\t\t\t\t<span class=\"elementor-button-content-wrapper\">\n\t\t\t\t\t\t\t\t\t<span class=\"elementor-button-text\">Join the club<\/span>\n\t\t\t\t\t<\/span>\n\t\t\t\t\t<\/a>\n\t\t\t\t<\/div>\n\t\t\t\t\t\t\t\t<\/div>\n\t\t\t\t<\/div>\n\t\t\t\t<\/div>\n\t\t\t\t<\/div>\n\t\t\t\t\t<\/div>\n\t\t\t\t<\/div>\n\t\t<div class=\"elementor-element elementor-element-64c6bcb e-flex e-con-boxed e-con e-parent\" data-id=\"64c6bcb\" data-element_type=\"container\" data-e-type=\"container\">\n\t\t\t\t\t<div class=\"e-con-inner\">\n\t\t<div class=\"elementor-element elementor-element-475c618 e-con-full e-flex e-con e-child\" data-id=\"475c618\" data-element_type=\"container\" data-e-type=\"container\">\n\t\t\t\t<div class=\"elementor-element elementor-element-34dfceb elementor-widget elementor-widget-image\" data-id=\"34dfceb\" data-element_type=\"widget\" data-e-type=\"widget\" data-widget_type=\"image.default\">\n\t\t\t\t<div class=\"elementor-widget-container\">\n\t\t\t\t\t\t\t\t\t\t\t\t\t\t\t<img decoding=\"async\" width=\"638\" height=\"850\" src=\"https:\/\/marawine.club\/wp-content\/uploads\/2024\/07\/marawine_montpeyroux_croix.jpg\" class=\"attachment-large size-large wp-image-3438\" alt=\"\" srcset=\"https:\/\/marawine.club\/wp-content\/uploads\/2024\/07\/marawine_montpeyroux_croix.jpg 638w, https:\/\/marawine.club\/wp-content\/uploads\/2024\/07\/marawine_montpeyroux_croix-225x300.jpg 225w, https:\/\/marawine.club\/wp-content\/uploads\/2024\/07\/marawine_montpeyroux_croix-600x799.jpg 600w\" sizes=\"(max-width: 638px) 100vw, 638px\" \/>\t\t\t\t\t\t\t\t\t\t\t\t\t\t\t<\/div>\n\t\t\t\t<\/div>\n\t\t\t\t<\/div>\n\t\t<div class=\"elementor-element elementor-element-6088fe8 e-con-full e-flex e-con e-child\" data-id=\"6088fe8\" data-element_type=\"container\" data-e-type=\"container\">\n\t\t<div class=\"elementor-element elementor-element-747a49e e-con-full e-flex e-con e-child\" data-id=\"747a49e\" data-element_type=\"container\" data-e-type=\"container\">\n\t\t\t\t<div class=\"elementor-element elementor-element-f0edc09 elementor-widget elementor-widget-heading\" data-id=\"f0edc09\" data-element_type=\"widget\" data-e-type=\"widget\" data-widget_type=\"heading.default\">\n\t\t\t\t<div class=\"elementor-widget-container\">\n\t\t\t\t\t<h2 class=\"elementor-heading-title elementor-size-default\">Unparalleled Excellence<\/h2>\t\t\t\t<\/div>\n\t\t\t\t<\/div>\n\t\t\t\t<div class=\"elementor-element elementor-element-2f20a58 elementor-widget elementor-widget-text-editor\" data-id=\"2f20a58\" data-element_type=\"widget\" data-e-type=\"widget\" data-widget_type=\"text-editor.default\">\n\t\t\t\t<div class=\"elementor-widget-container\">\n\t\t\t\t\t\t\t\t\t<p>The Mara Club embodies a philosophy where wine becomes a way of life. Each bottle offered is carefully selected for its quality and distinctive character. Whether to enrich a private collection or to savour on special occasions, our vintage, ros\u00e9, and white wines are an invitation to discover unique flavours.<\/p>\t\t\t\t\t\t\t\t<\/div>\n\t\t\t\t<\/div>\n\t\t\t\t<div class=\"elementor-element elementor-element-e46f18b elementor-widget elementor-widget-heading\" data-id=\"e46f18b\" data-element_type=\"widget\" data-e-type=\"widget\" data-widget_type=\"heading.default\">\n\t\t\t\t<div class=\"elementor-widget-container\">\n\t\t\t\t\t<h2 class=\"elementor-heading-title elementor-size-default\">Why Choose the MARA CLUB?<\/h2>\t\t\t\t<\/div>\n\t\t\t\t<\/div>\n\t\t\t\t<div class=\"elementor-element elementor-element-4aaeaed elementor-widget elementor-widget-text-editor\" data-id=\"4aaeaed\" data-element_type=\"widget\" data-e-type=\"widget\" data-widget_type=\"text-editor.default\">\n\t\t\t\t<div class=\"elementor-widget-container\">\n\t\t\t\t\t\t\t\t\t<p>By becoming a member of the Mara Club, you join a community of individuals passionate about the exploration and appreciation of exceptional wines. Enjoy privileged access to our exclusive selection, benefit from expert advice, and experience unforgettable tasting moments.<\/p>\t\t\t\t\t\t\t\t<\/div>\n\t\t\t\t<\/div>\n\t\t\t\t<div class=\"elementor-element elementor-element-6d3c12a elementor-widget elementor-widget-heading\" data-id=\"6d3c12a\" data-element_type=\"widget\" data-e-type=\"widget\" data-widget_type=\"heading.default\">\n\t\t\t\t<div class=\"elementor-widget-container\">\n\t\t\t\t\t<h2 class=\"elementor-heading-title elementor-size-default\">Your Gateway to Excellence\n\n<\/h2>\t\t\t\t<\/div>\n\t\t\t\t<\/div>\n\t\t\t\t<div class=\"elementor-element elementor-element-7f2d246 elementor-widget elementor-widget-text-editor\" data-id=\"7f2d246\" data-element_type=\"widget\" data-e-type=\"widget\" data-widget_type=\"text-editor.default\">\n\t\t\t\t<div class=\"elementor-widget-container\">\n\t\t\t\t\t\t\t\t\t<p>Whether you are a seasoned connoisseur or simply curious to explore new wine horizons, the Mara Club opens the doors to an experience where each bottle tells a story. It is the perfect place for those seeking uncompromising quality and a rare, enriching wine experience.<\/p>\t\t\t\t\t\t\t\t<\/div>\n\t\t\t\t<\/div>\n\t\t\t\t<\/div>\n\t\t\t\t<\/div>\n\t\t\t\t\t<\/div>\n\t\t\t\t<\/div>\n\t\t<div class=\"elementor-element elementor-element-e04fa1e e-flex e-con-boxed e-con e-parent\" data-id=\"e04fa1e\" data-element_type=\"container\" data-e-type=\"container\">\n\t\t\t\t\t<div class=\"e-con-inner\">\n\t\t<div class=\"elementor-element elementor-element-1dc4e66 e-con-full e-flex e-con e-child\" data-id=\"1dc4e66\" data-element_type=\"container\" data-e-type=\"container\">\n\t\t\t\t<div class=\"elementor-element elementor-element-704c273 elementor-widget elementor-widget-heading\" data-id=\"704c273\" data-element_type=\"widget\" data-e-type=\"widget\" data-widget_type=\"heading.default\">\n\t\t\t\t<div class=\"elementor-widget-container\">\n\t\t\t\t\t<h2 class=\"elementor-heading-title elementor-size-default\">Join our private club <\/h2>\t\t\t\t<\/div>\n\t\t\t\t<\/div>\n\t\t\t\t<div class=\"elementor-element elementor-element-c7144af elementor-align-center elementor-widget elementor-widget-button\" data-id=\"c7144af\" data-element_type=\"widget\" data-e-type=\"widget\" data-widget_type=\"button.default\">\n\t\t\t\t<div class=\"elementor-widget-container\">\n\t\t\t\t\t\t\t\t\t<div class=\"elementor-button-wrapper\">\n\t\t\t\t\t<a class=\"elementor-button elementor-button-link elementor-size-sm\" href=\"https:\/\/marawine.club\/en\/niveaux-dadhesion\/\">\n\t\t\t\t\t\t<span class=\"elementor-button-content-wrapper\">\n\t\t\t\t\t\t\t\t\t<span class=\"elementor-button-text\">Join the club<\/span>\n\t\t\t\t\t<\/span>\n\t\t\t\t\t<\/a>\n\t\t\t\t<\/div>\n\t\t\t\t\t\t\t\t<\/div>\n\t\t\t\t<\/div>\n\t\t\t\t<\/div>\n\t\t\t\t\t<\/div>\n\t\t\t\t<\/div>\n\t\t<div class=\"elementor-element elementor-element-8764fc5 e-flex e-con-boxed e-con e-parent\" data-id=\"8764fc5\" data-element_type=\"container\" data-e-type=\"container\">\n\t\t\t\t\t<div class=\"e-con-inner\">\n\t\t\t\t\t<\/div>\n\t\t\t\t<\/div>\n\t\t\t\t<\/div>","protected":false},"excerpt":{"rendered":"<p>Mara club Mara Club : Le Raffinement Red\u00e9fini Au c\u0153ur de notre univers se trouve le Mara Club, une symphonie d&rsquo;exclusivit\u00e9s et de raffinements o\u00f9 chaque \u00e9l\u00e9ment est m\u00e9ticuleusement pens\u00e9 pour offrir une exp\u00e9rience incomparable. Destin\u00e9 aux connaisseurs et aux amateurs de l&rsquo;exceptionnel, le Mara Club surpasse les attentes en mati\u00e8re de luxe et de [&hellip;]<\/p>\n","protected":false},"author":2,"featured_media":0,"parent":0,"menu_order":0,"comment_status":"closed","ping_status":"closed","template":"","meta":{"pmpro_default_level":"","footnotes":""},"class_list":["post-1897","page","type-page","status-publish","hentry","pmpro-has-access"],"_links":{"self":[{"href":"https:\/\/marawine.club\/en\/wp-json\/wp\/v2\/pages\/1897","targetHints":{"allow":["GET"]}}],"collection":[{"href":"https:\/\/marawine.club\/en\/wp-json\/wp\/v2\/pages"}],"about":[{"href":"https:\/\/marawine.club\/en\/wp-json\/wp\/v2\/types\/page"}],"author":[{"embeddable":true,"href":"https:\/\/marawine.club\/en\/wp-json\/wp\/v2\/users\/2"}],"replies":[{"embeddable":true,"href":"https:\/\/marawine.club\/en\/wp-json\/wp\/v2\/comments?post=1897"}],"version-history":[{"count":331,"href":"https:\/\/marawine.club\/en\/wp-json\/wp\/v2\/pages\/1897\/revisions"}],"predecessor-version":[{"id":5327,"href":"https:\/\/marawine.club\/en\/wp-json\/wp\/v2\/pages\/1897\/revisions\/5327"}],"wp:attachment":[{"href":"https:\/\/marawine.club\/en\/wp-json\/wp\/v2\/media?parent=1897"}],"curies":[{"name":"wp","href":"https:\/\/api.w.org\/{rel}","templated":true}]}}