{"id":3049,"date":"2024-07-01T15:46:39","date_gmt":"2024-07-01T13:46:39","guid":{"rendered":"https:\/\/marawine.club\/?page_id=3049"},"modified":"2024-09-28T22:07:08","modified_gmt":"2024-09-28T20:07:08","slug":"engagements-mara-wine","status":"publish","type":"page","link":"https:\/\/marawine.club\/en\/engagements-mara-wine\/","title":{"rendered":"Mara Wine Commitments"},"content":{"rendered":"\t\t<div data-elementor-type=\"wp-page\" data-elementor-id=\"3049\" class=\"elementor elementor-3049\" data-elementor-post-type=\"page\">\n\t\t\t\t<div class=\"elementor-element elementor-element-4de82836 e-con-full e-flex e-con e-parent\" data-id=\"4de82836\" data-element_type=\"container\" data-e-type=\"container\" data-settings=\"{&quot;background_background&quot;:&quot;classic&quot;}\">\n\t\t<div class=\"elementor-element elementor-element-1d296821 e-con-full e-flex e-con e-child\" data-id=\"1d296821\" data-element_type=\"container\" data-e-type=\"container\">\n\t\t\t\t<div class=\"elementor-element elementor-element-56a7e67 elementor-widget elementor-widget-heading\" data-id=\"56a7e67\" data-element_type=\"widget\" data-e-type=\"widget\" data-widget_type=\"heading.default\">\n\t\t\t\t<div class=\"elementor-widget-container\">\n\t\t\t\t\t<h1 class=\"elementor-heading-title elementor-size-default\"> Engagements mara wine<\/h1>\t\t\t\t<\/div>\n\t\t\t\t<\/div>\n\t\t\t\t<div class=\"elementor-element elementor-element-21c13d3 elementor-widget elementor-widget-heading\" data-id=\"21c13d3\" data-element_type=\"widget\" data-e-type=\"widget\" data-widget_type=\"heading.default\">\n\t\t\t\t<div class=\"elementor-widget-container\">\n\t\t\t\t\t<h2 class=\"elementor-heading-title elementor-size-default\">\u00a0Pour un avenir plus durable.<\/h2>\t\t\t\t<\/div>\n\t\t\t\t<\/div>\n\t\t\t\t<\/div>\n\t\t\t\t<\/div>\n\t\t<div class=\"elementor-element elementor-element-392c4ee e-con-full e-flex e-con e-parent\" data-id=\"392c4ee\" data-element_type=\"container\" data-e-type=\"container\" data-settings=\"{&quot;background_background&quot;:&quot;classic&quot;}\">\n\t\t<div class=\"elementor-element elementor-element-bbbdb10 e-con-full e-flex e-con e-child\" data-id=\"bbbdb10\" data-element_type=\"container\" data-e-type=\"container\">\n\t\t<div class=\"elementor-element elementor-element-6fbb037 e-con-full e-flex e-con e-child\" data-id=\"6fbb037\" data-element_type=\"container\" data-e-type=\"container\">\n\t\t\t\t<div class=\"elementor-element elementor-element-6198d4a elementor-widget elementor-widget-heading\" data-id=\"6198d4a\" data-element_type=\"widget\" data-e-type=\"widget\" data-widget_type=\"heading.default\">\n\t\t\t\t<div class=\"elementor-widget-container\">\n\t\t\t\t\t<h2 class=\"elementor-heading-title elementor-size-default\">Nos Valeurs Essentielles<\/h2>\t\t\t\t<\/div>\n\t\t\t\t<\/div>\n\t\t\t\t<div class=\"elementor-element elementor-element-8bb8d61 elementor-widget elementor-widget-text-editor\" data-id=\"8bb8d61\" data-element_type=\"widget\" data-e-type=\"widget\" data-widget_type=\"text-editor.default\">\n\t\t\t\t<div class=\"elementor-widget-container\">\n\t\t\t\t\t\t\t\t\t<p>Chez MARAWINE, nous croyons en l&rsquo;excellence, la perfection et la grandeur. Ces valeurs fondamentales sont non seulement des aspirations, mais aussi des principes directeurs qui impr\u00e8gnent chaque aspect de notre travail. En nous effor\u00e7ant d&rsquo;honorer ces standards \u00e9lev\u00e9s, nous r\u00e9alisons l&rsquo;impossible et cr\u00e9ons des vins d&rsquo;exception tout en respectant notre plan\u00e8te et ses ressources naturelles.<\/p>\t\t\t\t\t\t\t\t<\/div>\n\t\t\t\t<\/div>\n\t\t\t\t<\/div>\n\t\t\t\t<\/div>\n\t\t<div class=\"elementor-element elementor-element-e9555ff e-con-full e-flex e-con e-child\" data-id=\"e9555ff\" data-element_type=\"container\" data-e-type=\"container\">\n\t\t<div class=\"elementor-element elementor-element-653ec80 e-con-full e-flex e-con e-child\" data-id=\"653ec80\" data-element_type=\"container\" data-e-type=\"container\">\n\t\t\t\t<div class=\"elementor-element elementor-element-8e26fc0 elementor-widget elementor-widget-heading\" data-id=\"8e26fc0\" data-element_type=\"widget\" data-e-type=\"widget\" data-widget_type=\"heading.default\">\n\t\t\t\t<div class=\"elementor-widget-container\">\n\t\t\t\t\t<h2 class=\"elementor-heading-title elementor-size-default\">Notre Voyage Durable<\/h2>\t\t\t\t<\/div>\n\t\t\t\t<\/div>\n\t\t\t\t<div class=\"elementor-element elementor-element-8341bcd elementor-widget elementor-widget-text-editor\" data-id=\"8341bcd\" data-element_type=\"widget\" data-e-type=\"widget\" data-widget_type=\"text-editor.default\">\n\t\t\t\t<div class=\"elementor-widget-container\">\n\t\t\t\t\t\t\t\t\t<p>Dans la tradition de la pr\u00e9servation d&rsquo;un terroir d\u00e9velopp\u00e9e depuis 1735, Mara wine s&rsquo;engage fermement en faveur du d\u00e9veloppement durable. Ce voyage exige l&rsquo;implication de chacun, une remise en question continue de nos pratiques, et une am\u00e9lioration constante. Cet engagement de long terme, n\u00e9cessitant humilit\u00e9 et pers\u00e9v\u00e9rance, nous pousse \u00e0 aller plus loin pour garantir un avenir meilleur aux g\u00e9n\u00e9rations futures tout en respectant notre h\u00e9ritage.<\/p>\t\t\t\t\t\t\t\t<\/div>\n\t\t\t\t<\/div>\n\t\t\t\t<\/div>\n\t\t\t\t<\/div>\n\t\t<div class=\"elementor-element elementor-element-a969e4e e-con-full e-flex e-con e-child\" data-id=\"a969e4e\" data-element_type=\"container\" data-e-type=\"container\">\n\t\t<div class=\"elementor-element elementor-element-fbd7341 e-con-full e-flex e-con e-child\" data-id=\"fbd7341\" data-element_type=\"container\" data-e-type=\"container\">\n\t\t\t\t<div class=\"elementor-element elementor-element-38f926d elementor-widget elementor-widget-heading\" data-id=\"38f926d\" data-element_type=\"widget\" data-e-type=\"widget\" data-widget_type=\"heading.default\">\n\t\t\t\t<div class=\"elementor-widget-container\">\n\t\t\t\t\t<h2 class=\"elementor-heading-title elementor-size-default\">Approvisionnement Responsable\n\n<\/h2>\t\t\t\t<\/div>\n\t\t\t\t<\/div>\n\t\t\t\t<div class=\"elementor-element elementor-element-dc13463 elementor-widget elementor-widget-text-editor\" data-id=\"dc13463\" data-element_type=\"widget\" data-e-type=\"widget\" data-widget_type=\"text-editor.default\">\n\t\t\t\t<div class=\"elementor-widget-container\">\n\t\t\t\t\t\t\t\t\t<div class=\"flex flex-grow flex-col max-w-full\"><div class=\"min-h-[20px] text-message flex flex-col items-start whitespace-pre-wrap break-words [.text-message+&amp;]:mt-5 juice:w-full juice:items-end overflow-x-auto gap-2\" dir=\"auto\" data-message-author-role=\"assistant\" data-message-id=\"429e7e77-11d7-4791-ad9c-05f56f64ed39\"><div class=\"flex w-full flex-col gap-1 juice:empty:hidden juice:first:pt-[3px]\"><div class=\"markdown prose w-full break-words dark:prose-invert dark\"><div class=\"flex flex-grow flex-col max-w-full\"><div class=\"min-h-[20px] text-message flex flex-col items-start whitespace-pre-wrap break-words [.text-message+&amp;]:mt-5 juice:w-full juice:items-end overflow-x-auto gap-2\" dir=\"auto\" data-message-author-role=\"assistant\" data-message-id=\"f2776b00-6446-489f-a3ad-1d3310a45fd6\"><div class=\"flex w-full flex-col gap-1 juice:empty:hidden juice:first:pt-[3px]\"><div class=\"markdown prose w-full break-words dark:prose-invert dark\"><p>Nous garantissons un approvisionnement \u00e9thique de nos mati\u00e8res premi\u00e8res, animales, v\u00e9g\u00e9tales ou min\u00e9rales. Conscients de leur non-renouvelabilit\u00e9, nous \u0153uvrons pour des fili\u00e8res durables qui r\u00e9g\u00e9n\u00e8rent la biodiversit\u00e9. Nos priorit\u00e9s incluent la pr\u00e9servation des ressources, le bien-\u00eatre animal, la lutte contre la d\u00e9forestation, l&rsquo;\u00e9limination des produits chimiques et la r\u00e9duction de la pollution.<\/p><\/div><\/div><\/div><\/div><\/div><\/div><\/div><\/div>\t\t\t\t\t\t\t\t<\/div>\n\t\t\t\t<\/div>\n\t\t\t\t<\/div>\n\t\t\t\t<\/div>\n\t\t\t\t<\/div>\n\t\t\t\t<\/div>\n\t\t","protected":false},"excerpt":{"rendered":"<p>Engagements mara wine \u00a0Pour un avenir plus durable. Nos Valeurs Essentielles Chez MARAWINE, nous croyons en l&rsquo;excellence, la perfection et la grandeur. Ces valeurs fondamentales sont non seulement des aspirations, mais aussi des principes directeurs qui impr\u00e8gnent chaque aspect de notre travail. En nous effor\u00e7ant d&rsquo;honorer ces standards \u00e9lev\u00e9s, nous r\u00e9alisons l&rsquo;impossible et cr\u00e9ons des [&hellip;]<\/p>\n","protected":false},"author":2,"featured_media":0,"parent":0,"menu_order":0,"comment_status":"closed","ping_status":"closed","template":"","meta":{"pmpro_default_level":"","footnotes":""},"class_list":["post-3049","page","type-page","status-publish","hentry","pmpro-has-access"],"_links":{"self":[{"href":"https:\/\/marawine.club\/en\/wp-json\/wp\/v2\/pages\/3049","targetHints":{"allow":["GET"]}}],"collection":[{"href":"https:\/\/marawine.club\/en\/wp-json\/wp\/v2\/pages"}],"about":[{"href":"https:\/\/marawine.club\/en\/wp-json\/wp\/v2\/types\/page"}],"author":[{"embeddable":true,"href":"https:\/\/marawine.club\/en\/wp-json\/wp\/v2\/users\/2"}],"replies":[{"embeddable":true,"href":"https:\/\/marawine.club\/en\/wp-json\/wp\/v2\/comments?post=3049"}],"version-history":[{"count":74,"href":"https:\/\/marawine.club\/en\/wp-json\/wp\/v2\/pages\/3049\/revisions"}],"predecessor-version":[{"id":5449,"href":"https:\/\/marawine.club\/en\/wp-json\/wp\/v2\/pages\/3049\/revisions\/5449"}],"wp:attachment":[{"href":"https:\/\/marawine.club\/en\/wp-json\/wp\/v2\/media?parent=3049"}],"curies":[{"name":"wp","href":"https:\/\/api.w.org\/{rel}","templated":true}]}}