{"id":3262,"date":"2024-07-22T12:33:08","date_gmt":"2024-07-22T10:33:08","guid":{"rendered":"https:\/\/marawine.club\/?page_id=3262"},"modified":"2024-09-28T20:26:29","modified_gmt":"2024-09-28T18:26:29","slug":"notre-savoir-faire","status":"publish","type":"page","link":"https:\/\/marawine.club\/en\/notre-savoir-faire\/","title":{"rendered":"Our expertise"},"content":{"rendered":"<div data-elementor-type=\"wp-page\" data-elementor-id=\"3262\" class=\"elementor elementor-3262\" data-elementor-post-type=\"page\">\n\t\t\t\t<div class=\"elementor-element elementor-element-4ebc7da7 e-flex e-con-boxed e-con e-parent\" data-id=\"4ebc7da7\" data-element_type=\"container\" data-e-type=\"container\">\n\t\t\t\t\t<div class=\"e-con-inner\">\n\t\t<div class=\"elementor-element elementor-element-28ffc5ec e-con-full e-flex e-con e-child\" data-id=\"28ffc5ec\" data-element_type=\"container\" data-e-type=\"container\">\n\t\t<div class=\"elementor-element elementor-element-46408d25 e-con-full e-flex e-con e-child\" data-id=\"46408d25\" data-element_type=\"container\" data-e-type=\"container\">\n\t\t\t\t<div class=\"elementor-element elementor-element-623a2e77 elementor-widget elementor-widget-heading\" data-id=\"623a2e77\" data-element_type=\"widget\" data-e-type=\"widget\" data-widget_type=\"heading.default\">\n\t\t\t\t<div class=\"elementor-widget-container\">\n\t\t\t\t\t<h2 class=\"elementor-heading-title elementor-size-default\">Our expertise<\/h2>\t\t\t\t<\/div>\n\t\t\t\t<\/div>\n\t\t\t\t<div class=\"elementor-element elementor-element-e42301e elementor-widget elementor-widget-heading\" data-id=\"e42301e\" data-element_type=\"widget\" data-e-type=\"widget\" data-widget_type=\"heading.default\">\n\t\t\t\t<div class=\"elementor-widget-container\">\n\t\t\t\t\t<h2 class=\"elementor-heading-title elementor-size-default\">Symphony of the Seasons for the Vine<\/h2>\t\t\t\t<\/div>\n\t\t\t\t<\/div>\n\t\t\t\t<\/div>\n\t\t\t\t<\/div>\n\t\t\t\t\t<\/div>\n\t\t\t\t<\/div>\n\t\t<div class=\"elementor-element elementor-element-846c398 e-flex e-con-boxed e-con e-parent\" data-id=\"846c398\" data-element_type=\"container\" data-e-type=\"container\">\n\t\t\t\t\t<div class=\"e-con-inner\">\n\t\t<div class=\"elementor-element elementor-element-96c3155 e-con-full e-flex e-con e-child\" data-id=\"96c3155\" data-element_type=\"container\" data-e-type=\"container\">\n\t\t\t\t<div class=\"elementor-element elementor-element-091cef8 elementor-widget elementor-widget-image\" data-id=\"091cef8\" data-element_type=\"widget\" data-e-type=\"widget\" data-widget_type=\"image.default\">\n\t\t\t\t<div class=\"elementor-widget-container\">\n\t\t\t\t\t\t\t\t\t\t\t\t\t\t\t<img fetchpriority=\"high\" decoding=\"async\" width=\"724\" height=\"483\" src=\"https:\/\/marawine.club\/wp-content\/uploads\/2024\/07\/marawine_vignesHiver.jpg\" class=\"attachment-large size-large wp-image-3356\" alt=\"\" srcset=\"https:\/\/marawine.club\/wp-content\/uploads\/2024\/07\/marawine_vignesHiver.jpg 724w, https:\/\/marawine.club\/wp-content\/uploads\/2024\/07\/marawine_vignesHiver-300x200.jpg 300w, https:\/\/marawine.club\/wp-content\/uploads\/2024\/07\/marawine_vignesHiver-600x400.jpg 600w\" sizes=\"(max-width: 724px) 100vw, 724px\" \/>\t\t\t\t\t\t\t\t\t\t\t\t\t\t\t<\/div>\n\t\t\t\t<\/div>\n\t\t\t\t<\/div>\n\t\t<div class=\"elementor-element elementor-element-bae1cd5 e-con-full e-flex e-con e-child\" data-id=\"bae1cd5\" data-element_type=\"container\" data-e-type=\"container\">\n\t\t\t\t<div class=\"elementor-element elementor-element-f0661ba elementor-widget elementor-widget-heading\" data-id=\"f0661ba\" data-element_type=\"widget\" data-e-type=\"widget\" data-widget_type=\"heading.default\">\n\t\t\t\t<div class=\"elementor-widget-container\">\n\t\t\t\t\t<h2 class=\"elementor-heading-title elementor-size-default\">Winter Elegance of the Vineyard<\/h2>\t\t\t\t<\/div>\n\t\t\t\t<\/div>\n\t\t\t\t<div class=\"elementor-element elementor-element-98ebb90 elementor-widget elementor-widget-text-editor\" data-id=\"98ebb90\" data-element_type=\"widget\" data-e-type=\"widget\" data-widget_type=\"text-editor.default\">\n\t\t\t\t<div class=\"elementor-widget-container\">\n\t\t\t\t\t\t\t\t\t<p>Our soils are meticulously maintained throughout the year using the Lecher antenna to analyse and harmonise electromagnetic fields, thus ensuring optimal energy stability. They also receive sophisticated care through exclusive tillage: 'grillage', applied alternately across the rows to maximise aeration and preserve the natural integrity of the land. During winter, meticulous manual weeding is carried out to protect the base of the vines. Every two years, a delicate burning of the cover crops eliminates microorganisms and fungi from the dead leaves, thereby promoting deep and robust root development in the vines. In November, non-viable vines, representing less than 1% of the plants, are carefully replaced to ensure the continued excellence of the vineyard.<\/p><p>When the vines enter dormancy, pruning is carried out with unparalleled precision, an art that requires both skill and meticulous attention. Brice Company undertakes this operation with exceptional expertise, examining each vine individually to assess its vigour and balance. The shoots bearing buds are carefully selected to preserve the most promising ones, while the others are delicately removed. The pruning expert adjusts the number of buds to retain based on the potential of each vine, thereby optimising future production with exceptional mastery.<\/p>\t\t\t\t\t\t\t\t<\/div>\n\t\t\t\t<\/div>\n\t\t\t\t<div class=\"elementor-element elementor-element-fa2c1d7 elementor-hidden-desktop elementor-widget elementor-widget-image\" data-id=\"fa2c1d7\" data-element_type=\"widget\" data-e-type=\"widget\" data-widget_type=\"image.default\">\n\t\t\t\t<div class=\"elementor-widget-container\">\n\t\t\t\t\t\t\t\t\t\t\t\t\t\t\t<img decoding=\"async\" width=\"683\" height=\"512\" src=\"https:\/\/marawine.club\/wp-content\/uploads\/2024\/07\/marawine_debourrement.jpg\" class=\"attachment-large size-large wp-image-3358\" alt=\"\" srcset=\"https:\/\/marawine.club\/wp-content\/uploads\/2024\/07\/marawine_debourrement.jpg 683w, https:\/\/marawine.club\/wp-content\/uploads\/2024\/07\/marawine_debourrement-300x225.jpg 300w, https:\/\/marawine.club\/wp-content\/uploads\/2024\/07\/marawine_debourrement-600x450.jpg 600w\" sizes=\"(max-width: 683px) 100vw, 683px\" \/>\t\t\t\t\t\t\t\t\t\t\t\t\t\t\t<\/div>\n\t\t\t\t<\/div>\n\t\t\t\t<\/div>\n\t\t\t\t\t<\/div>\n\t\t\t\t<\/div>\n\t\t<div class=\"elementor-element elementor-element-d33fa37 e-flex e-con-boxed e-con e-parent\" data-id=\"d33fa37\" data-element_type=\"container\" data-e-type=\"container\">\n\t\t\t\t\t<div class=\"e-con-inner\">\n\t\t<div class=\"elementor-element elementor-element-02b93e1 e-con-full e-flex e-con e-child\" data-id=\"02b93e1\" data-element_type=\"container\" data-e-type=\"container\">\n\t\t\t\t<div class=\"elementor-element elementor-element-1199cfb elementor-widget elementor-widget-heading\" data-id=\"1199cfb\" data-element_type=\"widget\" data-e-type=\"widget\" data-widget_type=\"heading.default\">\n\t\t\t\t<div class=\"elementor-widget-container\">\n\t\t\t\t\t<h2 class=\"elementor-heading-title elementor-size-default\">Spring Awakening of the Vineyard\n<\/h2>\t\t\t\t<\/div>\n\t\t\t\t<\/div>\n\t\t\t\t<div class=\"elementor-element elementor-element-fa0f03f elementor-widget elementor-widget-text-editor\" data-id=\"fa0f03f\" data-element_type=\"widget\" data-e-type=\"widget\" data-widget_type=\"text-editor.default\">\n\t\t\t\t<div class=\"elementor-widget-container\">\n\t\t\t\t\t\t\t\t\t<p>After a well-deserved winter rest, the vine awakens with renewed energy. Buds begin to appear, heralding the start of budburst, the first promising stage of the vegetative cycle. In spring, we engage in meticulous debudding, carefully removing sterile shoots from the trunk and the heart of the vine. This attention allows the vine's vitality to focus on the promising branches that will bear the clusters.<\/p><p>In May, the vine undergoes its first training, where the vines are delicately secured to the taut wires. This process continues with two additional trainings in June and July. We also maintain the soil through regular mowing, which assists in weeding while nourishing the ground, thus promoting deeper root development. This approach ensures that the vine can withstand soil challenges and climatic fluctuations.<\/p><p>De-stoning, a task meticulously performed by hand, involves clearing the soil around the vines to ensure optimal aeration and encourage strong root development. In parallel, young vines are planted in regenerated plots, breathing new life into areas that have rested and revitalised after thorough tillage.<\/p><p>At the end of May and the beginning of June, we monitor the flowering phase with meticulous care to ensure each bunch reaches perfect ripeness. During this critical period, we carry out gentle topping to limit the vertical growth of the shoots, thereby promoting better airflow and optimal sun exposure.<\/p>\t\t\t\t\t\t\t\t<\/div>\n\t\t\t\t<\/div>\n\t\t\t\t<\/div>\n\t\t<div class=\"elementor-element elementor-element-13bcc19 e-con-full elementor-hidden-tablet elementor-hidden-mobile e-flex e-con e-child\" data-id=\"13bcc19\" data-element_type=\"container\" data-e-type=\"container\">\n\t\t\t\t<div class=\"elementor-element elementor-element-d803c21 elementor-widget elementor-widget-image\" data-id=\"d803c21\" data-element_type=\"widget\" data-e-type=\"widget\" data-widget_type=\"image.default\">\n\t\t\t\t<div class=\"elementor-widget-container\">\n\t\t\t\t\t\t\t\t\t\t\t\t\t\t\t<img decoding=\"async\" width=\"683\" height=\"512\" src=\"https:\/\/marawine.club\/wp-content\/uploads\/2024\/07\/marawine_debourrement.jpg\" class=\"attachment-large size-large wp-image-3358\" alt=\"\" srcset=\"https:\/\/marawine.club\/wp-content\/uploads\/2024\/07\/marawine_debourrement.jpg 683w, https:\/\/marawine.club\/wp-content\/uploads\/2024\/07\/marawine_debourrement-300x225.jpg 300w, https:\/\/marawine.club\/wp-content\/uploads\/2024\/07\/marawine_debourrement-600x450.jpg 600w\" sizes=\"(max-width: 683px) 100vw, 683px\" \/>\t\t\t\t\t\t\t\t\t\t\t\t\t\t\t<\/div>\n\t\t\t\t<\/div>\n\t\t\t\t<\/div>\n\t\t\t\t\t<\/div>\n\t\t\t\t<\/div>\n\t\t<div class=\"elementor-element elementor-element-dd41657 e-flex e-con-boxed e-con e-parent\" data-id=\"dd41657\" data-element_type=\"container\" data-e-type=\"container\">\n\t\t\t\t\t<div class=\"e-con-inner\">\n\t\t<div class=\"elementor-element elementor-element-c9c9f6d e-con-full e-flex e-con e-child\" data-id=\"c9c9f6d\" data-element_type=\"container\" data-e-type=\"container\">\n\t\t\t\t<div class=\"elementor-element elementor-element-ffc357d elementor-widget elementor-widget-image\" data-id=\"ffc357d\" data-element_type=\"widget\" data-e-type=\"widget\" data-widget_type=\"image.default\">\n\t\t\t\t<div class=\"elementor-widget-container\">\n\t\t\t\t\t\t\t\t\t\t\t\t\t\t\t<img decoding=\"async\" width=\"600\" height=\"800\" src=\"https:\/\/marawine.club\/wp-content\/uploads\/2024\/06\/photos_vignes.jpg\" class=\"attachment-large size-large wp-image-1787\" alt=\"\" srcset=\"https:\/\/marawine.club\/wp-content\/uploads\/2024\/06\/photos_vignes.jpg 600w, https:\/\/marawine.club\/wp-content\/uploads\/2024\/06\/photos_vignes-225x300.jpg 225w\" sizes=\"(max-width: 600px) 100vw, 600px\" \/>\t\t\t\t\t\t\t\t\t\t\t\t\t\t\t<\/div>\n\t\t\t\t<\/div>\n\t\t\t\t<\/div>\n\t\t<div class=\"elementor-element elementor-element-f435e18 e-con-full e-flex e-con e-child\" data-id=\"f435e18\" data-element_type=\"container\" data-e-type=\"container\">\n\t\t\t\t<div class=\"elementor-element elementor-element-9792bf3 elementor-widget elementor-widget-heading\" data-id=\"9792bf3\" data-element_type=\"widget\" data-e-type=\"widget\" data-widget_type=\"heading.default\">\n\t\t\t\t<div class=\"elementor-widget-container\">\n\t\t\t\t\t<h2 class=\"elementor-heading-title elementor-size-default\">Summer Flourish of the Vineyard\n<\/h2>\t\t\t\t<\/div>\n\t\t\t\t<\/div>\n\t\t\t\t<div class=\"elementor-element elementor-element-e5b83d0 elementor-widget elementor-widget-text-editor\" data-id=\"e5b83d0\" data-element_type=\"widget\" data-e-type=\"widget\" data-widget_type=\"text-editor.default\">\n\t\t\t\t<div class=\"elementor-widget-container\">\n\t\t\t\t\t\t\t\t\t<p>After flowering, the first fruits begin to form. As fruit set commences, we start the thinning process between late June and early July. Our north-south oriented vineyard leads us to thin the leaves on the east side of the clusters, allowing the morning sun to fully reach the fruit while maintaining a protective layer of foliage above.<\/p><p>At the beginning of summer, each vine bears between two and twelve clusters. In July, we conduct green harvesting to space out the clusters and prevent deterioration due to excessive density. If a vine has too many clusters, we remove some to concentrate the energy on the remaining ones, fostering more refined flavours. We ensure not to remove too many clusters to avoid overly large berries, favouring smaller ones for their superior qualities.<\/p><p>As the berries grow and come into contact with each other, the closure of the clusters marks a crucial stage. By early August, the grapes begin veraison, changing colour and flavour. We monitor this process closely to ensure that veraison and the cessation of vine growth are synchronised. If the vine continues to grow, it will divert resources from its fruit, compromising their quality.<\/p><p>At the end of veraison, we perform a second green harvest to standardise the ripeness of the grapes, removing those that are still green. In August, the vine stems transition to wood, taking on red and brown hues, marking the process known as \u2018augmentation\u2019. The grapes become delicate, so we minimise movement in the vineyards. Following a mid-summer de-stoning, ploughing ceases to allow the grass to grow and absorb water, thereby intensifying the tannin concentration for grapes of exceptional quality.<\/p><p>\u00a0<\/p>\t\t\t\t\t\t\t\t<\/div>\n\t\t\t\t<\/div>\n\t\t\t\t<div class=\"elementor-element elementor-element-437b646 elementor-hidden-desktop elementor-hidden-tablet elementor-hidden-mobile elementor-widget elementor-widget-image\" data-id=\"437b646\" data-element_type=\"widget\" data-e-type=\"widget\" data-widget_type=\"image.default\">\n\t\t\t\t<div class=\"elementor-widget-container\">\n\t\t\t\t\t\t\t\t\t\t\t\t\t\t\t<img loading=\"lazy\" decoding=\"async\" width=\"800\" height=\"533\" src=\"https:\/\/marawine.club\/wp-content\/uploads\/2024\/07\/istockphoto-961610986-1024x1024-1.jpg\" class=\"attachment-large size-large wp-image-3274\" alt=\"\" srcset=\"https:\/\/marawine.club\/wp-content\/uploads\/2024\/07\/istockphoto-961610986-1024x1024-1.jpg 1024w, https:\/\/marawine.club\/wp-content\/uploads\/2024\/07\/istockphoto-961610986-1024x1024-1-300x200.jpg 300w, https:\/\/marawine.club\/wp-content\/uploads\/2024\/07\/istockphoto-961610986-1024x1024-1-768x512.jpg 768w, https:\/\/marawine.club\/wp-content\/uploads\/2024\/07\/istockphoto-961610986-1024x1024-1-600x400.jpg 600w\" sizes=\"(max-width: 800px) 100vw, 800px\" \/>\t\t\t\t\t\t\t\t\t\t\t\t\t\t\t<\/div>\n\t\t\t\t<\/div>\n\t\t\t\t<\/div>\n\t\t\t\t\t<\/div>\n\t\t\t\t<\/div>\n\t\t<div class=\"elementor-element elementor-element-3bcff39 e-flex e-con-boxed e-con e-parent\" data-id=\"3bcff39\" data-element_type=\"container\" data-e-type=\"container\">\n\t\t\t\t\t<div class=\"e-con-inner\">\n\t\t<div class=\"elementor-element elementor-element-d8ee2b9 e-con-full e-flex e-con e-child\" data-id=\"d8ee2b9\" data-element_type=\"container\" data-e-type=\"container\">\n\t\t\t\t<div class=\"elementor-element elementor-element-9025724 elementor-hidden-desktop elementor-widget elementor-widget-image\" data-id=\"9025724\" data-element_type=\"widget\" data-e-type=\"widget\" data-widget_type=\"image.default\">\n\t\t\t\t<div class=\"elementor-widget-container\">\n\t\t\t\t\t\t\t\t\t\t\t\t\t\t\t<img loading=\"lazy\" decoding=\"async\" width=\"638\" height=\"850\" src=\"https:\/\/marawine.club\/wp-content\/uploads\/2024\/06\/Florfina_marawine.jpg\" class=\"attachment-large size-large wp-image-496\" alt=\"\" srcset=\"https:\/\/marawine.club\/wp-content\/uploads\/2024\/06\/Florfina_marawine.jpg 638w, https:\/\/marawine.club\/wp-content\/uploads\/2024\/06\/Florfina_marawine-225x300.jpg 225w, https:\/\/marawine.club\/wp-content\/uploads\/2024\/06\/Florfina_marawine-600x799.jpg 600w\" sizes=\"(max-width: 638px) 100vw, 638px\" \/>\t\t\t\t\t\t\t\t\t\t\t\t\t\t\t<\/div>\n\t\t\t\t<\/div>\n\t\t\t\t<div class=\"elementor-element elementor-element-08aebdd elementor-widget elementor-widget-heading\" data-id=\"08aebdd\" data-element_type=\"widget\" data-e-type=\"widget\" data-widget_type=\"heading.default\">\n\t\t\t\t<div class=\"elementor-widget-container\">\n\t\t\t\t\t<h2 class=\"elementor-heading-title elementor-size-default\">The Art of the Autumn Harvest at MARA WINE<\/h2>\t\t\t\t<\/div>\n\t\t\t\t<\/div>\n\t\t\t\t<div class=\"elementor-element elementor-element-d499540 elementor-widget elementor-widget-text-editor\" data-id=\"d499540\" data-element_type=\"widget\" data-e-type=\"widget\" data-widget_type=\"text-editor.default\">\n\t\t\t\t<div class=\"elementor-widget-container\">\n\t\t\t\t\t\t\t\t\t<p class=\"translation-block\">In the autumn, the essence of our work at <strong>MARA WINE<\/strong> is revealed in every grape. The quality of our wine hinges on a meticulous harvest, where every detail is crucial.<\/p><p>We believe that the secret to our wine lies in patience and precision. Our grapes are only harvested when they have reached their perfect ripeness, based on three essential criteria.<\/p><p class=\"translation-block\">The first ripeness is aromatic. We assess the fruit through several stages, but only the \"fresh\" stage is of interest to us to ensure vibrant and elegant aromas.<\/p><p class=\"translation-block\">Technological ripeness is also crucial. It concerns the balance between acidity and sugar, imparting the wine its unique character and ageing potential while maintaining perfect harmony, whether the wine is at 12.5\u00b0 or 14\u00b0 alcohol.<\/p><p class=\"translation-block\">Finally, phenolic maturity determines the structure of the wine. We look for silky, well-integrated tannins, offering a refined texture without dryness or rusticity.<\/p><p>From the beginning of September, our days become a ballet of checks. Every morning, we walk through our vines, tasting each berry to assess the evolution of the three maturities. We analyse climatic conditions, aroma, acidity and tannins, with the aim of finding the ideal point. Each plot is monitored to reach its maximum potential before harvest. If a plot does not meet the criteria, its grapes will not be used.<\/p><p>The harvest is much more than a moment of labour; it is a celebration of all the care given to our vines throughout the year. Every grape picked reflects our dedication and passion for crafting an exceptional wine.<\/p>\t\t\t\t\t\t\t\t<\/div>\n\t\t\t\t<\/div>\n\t\t\t\t<\/div>\n\t\t<div class=\"elementor-element elementor-element-654daf7 e-con-full elementor-hidden-tablet elementor-hidden-mobile e-flex e-con e-child\" data-id=\"654daf7\" data-element_type=\"container\" data-e-type=\"container\">\n\t\t\t\t<div class=\"elementor-element elementor-element-a31c85e elementor-widget elementor-widget-image\" data-id=\"a31c85e\" data-element_type=\"widget\" data-e-type=\"widget\" data-widget_type=\"image.default\">\n\t\t\t\t<div class=\"elementor-widget-container\">\n\t\t\t\t\t\t\t\t\t\t\t\t\t\t\t<img loading=\"lazy\" decoding=\"async\" width=\"638\" height=\"850\" src=\"https:\/\/marawine.club\/wp-content\/uploads\/2024\/06\/Florfina_marawine.jpg\" class=\"attachment-large size-large wp-image-496\" alt=\"\" srcset=\"https:\/\/marawine.club\/wp-content\/uploads\/2024\/06\/Florfina_marawine.jpg 638w, https:\/\/marawine.club\/wp-content\/uploads\/2024\/06\/Florfina_marawine-225x300.jpg 225w, https:\/\/marawine.club\/wp-content\/uploads\/2024\/06\/Florfina_marawine-600x799.jpg 600w\" sizes=\"(max-width: 638px) 100vw, 638px\" \/>\t\t\t\t\t\t\t\t\t\t\t\t\t\t\t<\/div>\n\t\t\t\t<\/div>\n\t\t\t\t<\/div>\n\t\t\t\t\t<\/div>\n\t\t\t\t<\/div>\n\t\t<div class=\"elementor-element elementor-element-76d0022 e-flex e-con-boxed e-con e-parent\" data-id=\"76d0022\" data-element_type=\"container\" data-e-type=\"container\">\n\t\t\t\t\t<div class=\"e-con-inner\">\n\t\t<div class=\"elementor-element elementor-element-3d02991 e-con-full e-flex e-con e-child\" data-id=\"3d02991\" data-element_type=\"container\" data-e-type=\"container\">\n\t\t\t\t<div class=\"elementor-element elementor-element-1725d4b elementor-widget elementor-widget-heading\" data-id=\"1725d4b\" data-element_type=\"widget\" data-e-type=\"widget\" data-widget_type=\"heading.default\">\n\t\t\t\t<div class=\"elementor-widget-container\">\n\t\t\t\t\t<h2 class=\"elementor-heading-title elementor-size-default\">The Harvest: An Art of Precision\n<\/h2>\t\t\t\t<\/div>\n\t\t\t\t<\/div>\n\t\t\t\t<div class=\"elementor-element elementor-element-95fb157 elementor-widget elementor-widget-text-editor\" data-id=\"95fb157\" data-element_type=\"widget\" data-e-type=\"widget\" data-widget_type=\"text-editor.default\">\n\t\t\t\t<div class=\"elementor-widget-container\">\n\t\t\t\t\t\t\t\t\t<p>At Mara Wine, the harvest is much more than just a moment of work; it is the celebration of all the care devoted to our vines throughout the year. Each grape picked reflects our dedication and passion for creating exceptional wine.<\/p><p>Nous ne d\u00e9butons la r\u00e9colte que lorsque chaque raisin a atteint la maturit\u00e9 id\u00e9ale, sans jamais c\u00e9der \u00e0 la pression logistique. Ce n\u2019est qu\u2019une fois le feu vert donn\u00e9 parcelle par parcelle que nous commen\u00e7ons, le tout d\u00e9pendant des conditions m\u00e9t\u00e9orologiques, notamment de la pluie qui pourrait retarder le processus.<\/p><p>The harvest is an exclusively manual and family ritual. A dedicated team of six pickers, armed with their pruning knives, works meticulously to gather the grapes. The picking is done with great care, depending on the specific maturities of each plot and grape variety, and spans a period of about one month.<\/p><p>Each bunch is carefully placed in 10 kg crates. After the harvest, the grapes rest overnight in our Mas, transformed into a cold room, in order to preserve their aromatic purity.<\/p><p>We apply a rigorous plot selection protocol. Each harvest is processed individually, ensuring that grapes from one plot never mix with those from another. This care taken at each stage ensures the excellence and uniqueness of our wines.<\/p>\t\t\t\t\t\t\t\t<\/div>\n\t\t\t\t<\/div>\n\t\t\t\t<\/div>\n\t\t\t\t\t<\/div>\n\t\t\t\t<\/div>\n\t\t\t\t<\/div>","protected":false},"excerpt":{"rendered":"<p>Notre savoir-faire Symphonie des Saisons pour la Vigne \u00c9l\u00e9gance Hivernale du Vignoble Nos sols sont entretenus tout au long de l&rsquo;ann\u00e9e en utilisant l&rsquo;antenne de Lecher pour analyser et harmoniser les champs \u00e9lectromagn\u00e9tiques, assurant ainsi une stabilit\u00e9 \u00e9nerg\u00e9tique optimale. Ils\u00a0 b\u00e9n\u00e9ficient \u00e9galement d&rsquo;un soin sophistiqu\u00e9 avec un labour exclusif : le griffage, appliqu\u00e9 alternativement sur [&hellip;]<\/p>\n","protected":false},"author":2,"featured_media":0,"parent":0,"menu_order":0,"comment_status":"closed","ping_status":"closed","template":"","meta":{"pmpro_default_level":"","footnotes":""},"class_list":["post-3262","page","type-page","status-publish","hentry","pmpro-has-access"],"_links":{"self":[{"href":"https:\/\/marawine.club\/en\/wp-json\/wp\/v2\/pages\/3262","targetHints":{"allow":["GET"]}}],"collection":[{"href":"https:\/\/marawine.club\/en\/wp-json\/wp\/v2\/pages"}],"about":[{"href":"https:\/\/marawine.club\/en\/wp-json\/wp\/v2\/types\/page"}],"author":[{"embeddable":true,"href":"https:\/\/marawine.club\/en\/wp-json\/wp\/v2\/users\/2"}],"replies":[{"embeddable":true,"href":"https:\/\/marawine.club\/en\/wp-json\/wp\/v2\/comments?post=3262"}],"version-history":[{"count":88,"href":"https:\/\/marawine.club\/en\/wp-json\/wp\/v2\/pages\/3262\/revisions"}],"predecessor-version":[{"id":5408,"href":"https:\/\/marawine.club\/en\/wp-json\/wp\/v2\/pages\/3262\/revisions\/5408"}],"wp:attachment":[{"href":"https:\/\/marawine.club\/en\/wp-json\/wp\/v2\/media?parent=3262"}],"curies":[{"name":"wp","href":"https:\/\/api.w.org\/{rel}","templated":true}]}}