{"id":763,"date":"2024-06-12T06:45:26","date_gmt":"2024-06-12T04:45:26","guid":{"rendered":"https:\/\/marawine.club\/?page_id=763"},"modified":"2024-09-29T08:07:52","modified_gmt":"2024-09-29T06:07:52","slug":"florfina","status":"publish","type":"page","link":"https:\/\/marawine.club\/en\/florfina\/","title":{"rendered":"Florfina"},"content":{"rendered":"<div data-elementor-type=\"wp-page\" data-elementor-id=\"763\" class=\"elementor elementor-763\" data-elementor-post-type=\"page\">\n\t\t\t\t<div class=\"elementor-element elementor-element-2d9c4b30 e-con-full e-flex e-con e-parent\" data-id=\"2d9c4b30\" data-element_type=\"container\" data-e-type=\"container\" data-settings=\"{&quot;background_background&quot;:&quot;classic&quot;}\">\n\t\t<div class=\"elementor-element elementor-element-3b06c8c3 e-con-full e-flex e-con e-child\" data-id=\"3b06c8c3\" data-element_type=\"container\" data-e-type=\"container\">\n\t\t\t\t<div class=\"elementor-element elementor-element-5ed34b60 elementor-widget elementor-widget-heading\" data-id=\"5ed34b60\" data-element_type=\"widget\" data-e-type=\"widget\" data-widget_type=\"heading.default\">\n\t\t\t\t<div class=\"elementor-widget-container\">\n\t\t\t\t\t<h2 class=\"elementor-heading-title elementor-size-default\">Florfina<\/h2>\t\t\t\t<\/div>\n\t\t\t\t<\/div>\n\t\t\t\t<div class=\"elementor-element elementor-element-16969a24 elementor-widget elementor-widget-text-editor\" data-id=\"16969a24\" data-element_type=\"widget\" data-e-type=\"widget\" data-widget_type=\"text-editor.default\">\n\t\t\t\t<div class=\"elementor-widget-container\">\n\t\t\t\t\t\t\t\t\t<p class=\"translation-block\">The true Cuv\u00e9e des Anges, a distinguished <strong>Chardonnay<\/strong>, embodies floral, spicy, velvety, and savoury notes all at once. It is also highly limited in availability...<\/p>\t\t\t\t\t\t\t\t<\/div>\n\t\t\t\t<\/div>\n\t\t\t\t<\/div>\n\t\t\t\t<\/div>\n\t\t<div class=\"elementor-element elementor-element-47564686 e-flex e-con-boxed e-con e-parent\" data-id=\"47564686\" data-element_type=\"container\" data-e-type=\"container\">\n\t\t\t\t\t<div class=\"e-con-inner\">\n\t\t<div class=\"elementor-element elementor-element-399801f9 e-con-full e-flex e-con e-child\" data-id=\"399801f9\" data-element_type=\"container\" data-e-type=\"container\">\n\t\t\t\t<\/div>\n\t\t<div class=\"elementor-element elementor-element-34ff0d7c e-con-full e-flex e-con e-child\" data-id=\"34ff0d7c\" data-element_type=\"container\" data-e-type=\"container\">\n\t\t\t\t<div class=\"elementor-element elementor-element-1057f11a elementor-widget elementor-widget-heading\" data-id=\"1057f11a\" data-element_type=\"widget\" data-e-type=\"widget\" data-widget_type=\"heading.default\">\n\t\t\t\t<div class=\"elementor-widget-container\">\n\t\t\t\t\t<h2 class=\"elementor-heading-title elementor-size-default\">Florfina<\/h2>\t\t\t\t<\/div>\n\t\t\t\t<\/div>\n\t\t\t\t<div class=\"elementor-element elementor-element-66aeb57f elementor-widget elementor-widget-heading\" data-id=\"66aeb57f\" data-element_type=\"widget\" data-e-type=\"widget\" data-widget_type=\"heading.default\">\n\t\t\t\t<div class=\"elementor-widget-container\">\n\t\t\t\t\t<h2 class=\"elementor-heading-title elementor-size-default\">BE READY AS THE UNIVERSE GIVES YOU WHAT YOU ASKED FOR<\/h2>\t\t\t\t<\/div>\n\t\t\t\t<\/div>\n\t\t\t\t<div class=\"elementor-element elementor-element-765d4c65 elementor-widget elementor-widget-text-editor\" data-id=\"765d4c65\" data-element_type=\"widget\" data-e-type=\"widget\" data-widget_type=\"text-editor.default\">\n\t\t\t\t<div class=\"elementor-widget-container\">\n\t\t\t\t\t\t\t\t\t<p>Ample and savoury, this wine, with its barely perceptible acidity, asserts a distinctly unique style within the realm of the finest southern white wines. Allow yourself to be enchanted by the elegance of a Chardonnay that celebrates the richness of this unique terroir, enhanced by the nocturnal freshness that glides over the slopes of the Seranne massif and the morning marine mists. Each drop reveals the perfect marriage between tradition and modernity.<\/p>\t\t\t\t\t\t\t\t<\/div>\n\t\t\t\t<\/div>\n\t\t\t\t<\/div>\n\t\t<div class=\"elementor-element elementor-element-2eb2d5ee e-con-full e-flex e-con e-child\" data-id=\"2eb2d5ee\" data-element_type=\"container\" data-e-type=\"container\">\n\t\t\t\t<\/div>\n\t\t\t\t\t<\/div>\n\t\t\t\t<\/div>\n\t\t<div class=\"elementor-element elementor-element-12ea637f e-grid e-con-boxed e-con e-parent\" data-id=\"12ea637f\" data-element_type=\"container\" data-e-type=\"container\">\n\t\t\t\t\t<div class=\"e-con-inner\">\n\t\t\t\t<div class=\"elementor-element elementor-element-697771f7 elementor-widget elementor-widget-image\" data-id=\"697771f7\" data-element_type=\"widget\" data-e-type=\"widget\" data-widget_type=\"image.default\">\n\t\t\t\t<div class=\"elementor-widget-container\">\n\t\t\t\t\t\t\t\t\t\t\t\t\t\t\t<img fetchpriority=\"high\" decoding=\"async\" width=\"638\" height=\"850\" src=\"https:\/\/marawine.club\/wp-content\/uploads\/2024\/09\/Mara_Florfina_bouteille1.jpg\" class=\"attachment-large size-large wp-image-5373\" alt=\"\" srcset=\"https:\/\/marawine.club\/wp-content\/uploads\/2024\/09\/Mara_Florfina_bouteille1.jpg 638w, https:\/\/marawine.club\/wp-content\/uploads\/2024\/09\/Mara_Florfina_bouteille1-225x300.jpg 225w, https:\/\/marawine.club\/wp-content\/uploads\/2024\/09\/Mara_Florfina_bouteille1-9x12.jpg 9w, https:\/\/marawine.club\/wp-content\/uploads\/2024\/09\/Mara_Florfina_bouteille1-600x799.jpg 600w\" sizes=\"(max-width: 638px) 100vw, 638px\" \/>\t\t\t\t\t\t\t\t\t\t\t\t\t\t\t<\/div>\n\t\t\t\t<\/div>\n\t\t\t\t<div class=\"elementor-element elementor-element-708070e4 elementor-widget elementor-widget-image\" data-id=\"708070e4\" data-element_type=\"widget\" data-e-type=\"widget\" data-widget_type=\"image.default\">\n\t\t\t\t<div class=\"elementor-widget-container\">\n\t\t\t\t\t\t\t\t\t\t\t\t\t\t\t<img decoding=\"async\" width=\"637\" height=\"849\" src=\"https:\/\/marawine.club\/wp-content\/uploads\/2024\/09\/Mara_Florfina_bouteille3.jpg\" class=\"attachment-large size-large wp-image-5375\" alt=\"\" srcset=\"https:\/\/marawine.club\/wp-content\/uploads\/2024\/09\/Mara_Florfina_bouteille3.jpg 637w, https:\/\/marawine.club\/wp-content\/uploads\/2024\/09\/Mara_Florfina_bouteille3-225x300.jpg 225w, https:\/\/marawine.club\/wp-content\/uploads\/2024\/09\/Mara_Florfina_bouteille3-9x12.jpg 9w, https:\/\/marawine.club\/wp-content\/uploads\/2024\/09\/Mara_Florfina_bouteille3-600x800.jpg 600w\" sizes=\"(max-width: 637px) 100vw, 637px\" \/>\t\t\t\t\t\t\t\t\t\t\t\t\t\t\t<\/div>\n\t\t\t\t<\/div>\n\t\t\t\t<div class=\"elementor-element elementor-element-2e02e524 elementor-widget elementor-widget-image\" data-id=\"2e02e524\" data-element_type=\"widget\" data-e-type=\"widget\" data-widget_type=\"image.default\">\n\t\t\t\t<div class=\"elementor-widget-container\">\n\t\t\t\t\t\t\t\t\t\t\t\t\t\t\t<img decoding=\"async\" width=\"638\" height=\"850\" src=\"https:\/\/marawine.club\/wp-content\/uploads\/2024\/09\/Mara_Florfina_bouteille2.jpg\" class=\"attachment-large size-large wp-image-5374\" alt=\"\" srcset=\"https:\/\/marawine.club\/wp-content\/uploads\/2024\/09\/Mara_Florfina_bouteille2.jpg 638w, https:\/\/marawine.club\/wp-content\/uploads\/2024\/09\/Mara_Florfina_bouteille2-225x300.jpg 225w, https:\/\/marawine.club\/wp-content\/uploads\/2024\/09\/Mara_Florfina_bouteille2-9x12.jpg 9w, https:\/\/marawine.club\/wp-content\/uploads\/2024\/09\/Mara_Florfina_bouteille2-600x799.jpg 600w\" sizes=\"(max-width: 638px) 100vw, 638px\" \/>\t\t\t\t\t\t\t\t\t\t\t\t\t\t\t<\/div>\n\t\t\t\t<\/div>\n\t\t\t\t\t<\/div>\n\t\t\t\t<\/div>\n\t\t<div class=\"elementor-element elementor-element-fc8116a e-con-full e-flex e-con e-parent\" data-id=\"fc8116a\" data-element_type=\"container\" data-e-type=\"container\">\n\t\t<div class=\"elementor-element elementor-element-20744a9 e-con-full e-flex e-con e-child\" data-id=\"20744a9\" data-element_type=\"container\" data-e-type=\"container\">\n\t\t\t\t<div class=\"elementor-element elementor-element-40bbac49 elementor-widget elementor-widget-heading\" data-id=\"40bbac49\" data-element_type=\"widget\" data-e-type=\"widget\" data-widget_type=\"heading.default\">\n\t\t\t\t<div class=\"elementor-widget-container\">\n\t\t\t\t\t<h4 class=\"elementor-heading-title elementor-size-default\">PARTICULARITIES <\/h4>\t\t\t\t<\/div>\n\t\t\t\t<\/div>\n\t\t\t\t<div class=\"elementor-element elementor-element-20c555 elementor-widget elementor-widget-text-editor\" data-id=\"20c555\" data-element_type=\"widget\" data-e-type=\"widget\" data-widget_type=\"text-editor.default\">\n\t\t\t\t<div class=\"elementor-widget-container\">\n\t\t\t\t\t\t\t\t\t<p><strong>Ripeness of the grapes and yield<\/strong><br \/>Yield: 20 hL\/ha<\/p>\t\t\t\t\t\t\t\t<\/div>\n\t\t\t\t<\/div>\n\t\t<div class=\"elementor-element elementor-element-36afcfa0 e-flex e-con-boxed e-con e-child\" data-id=\"36afcfa0\" data-element_type=\"container\" data-e-type=\"container\">\n\t\t\t\t\t<div class=\"e-con-inner\">\n\t\t<div class=\"elementor-element elementor-element-5f423ee4 e-con-full e-flex e-con e-child\" data-id=\"5f423ee4\" data-element_type=\"container\" data-e-type=\"container\">\n\t\t\t\t<div class=\"elementor-element elementor-element-3c832c25 elementor-cta--skin-cover elementor-cta--valign-middle elementor-bg-transform elementor-bg-transform-zoom-in elementor-widget elementor-widget-call-to-action\" data-id=\"3c832c25\" data-element_type=\"widget\" data-e-type=\"widget\" data-widget_type=\"call-to-action.default\">\n\t\t\t\t<div class=\"elementor-widget-container\">\n\t\t\t\t\t\t\t<div class=\"elementor-cta\">\n\t\t\t\t\t<div class=\"elementor-cta__bg-wrapper\">\n\t\t\t\t<div class=\"elementor-cta__bg elementor-bg\" style=\"background-image: url(https:\/\/marawine.club\/wp-content\/uploads\/2024\/09\/marawine_Joelle3.jpg);\" role=\"img\" aria-label=\"marawine_Joelle3\"><\/div>\n\t\t\t\t<div class=\"elementor-cta__bg-overlay\"><\/div>\n\t\t\t<\/div>\n\t\t\t\t\t\t\t<div class=\"elementor-cta__content\">\n\t\t\t\t\n\t\t\t\t\t\t\t\t\t<h2 class=\"elementor-cta__title elementor-cta__content-item elementor-content-item\">\n\t\t\t\t\t\tTemperatures and precipitations\t\t\t\t\t<\/h2>\n\t\t\t\t\n\t\t\t\t\t\t\t\t\t<div class=\"elementor-cta__description elementor-cta__content-item elementor-content-item\">\n\t\t\t\t\t\tThe first three months of 2023 were drier than usual. April and June were wet months, while May was dry and mild. July, August, and September were dry, with record temperatures in July, which was particularly sweltering. September, being dry and mild, ensured a perfectly favourable end to the ripening process for the quality of the grapes.\t\t\t\t\t<\/div>\n\t\t\t\t\n\t\t\t\t\t\t\t<\/div>\n\t\t\t\t\t\t<\/div>\n\t\t\t\t\t\t<\/div>\n\t\t\t\t<\/div>\n\t\t\t\t<div class=\"elementor-element elementor-element-60aac94 elementor-cta--skin-cover elementor-cta--valign-middle elementor-bg-transform elementor-bg-transform-zoom-in elementor-widget elementor-widget-call-to-action\" data-id=\"60aac94\" data-element_type=\"widget\" data-e-type=\"widget\" data-widget_type=\"call-to-action.default\">\n\t\t\t\t<div class=\"elementor-widget-container\">\n\t\t\t\t\t\t\t<div class=\"elementor-cta\">\n\t\t\t\t\t<div class=\"elementor-cta__bg-wrapper\">\n\t\t\t\t<div class=\"elementor-cta__bg elementor-bg\" style=\"background-image: url(https:\/\/marawine.club\/wp-content\/uploads\/2024\/07\/marawine_fleurViolette.jpg);\" role=\"img\" aria-label=\"\"><\/div>\n\t\t\t\t<div class=\"elementor-cta__bg-overlay\"><\/div>\n\t\t\t<\/div>\n\t\t\t\t\t\t\t<div class=\"elementor-cta__content\">\n\t\t\t\t\n\t\t\t\t\t\t\t\t\t<h2 class=\"elementor-cta__title elementor-cta__content-item elementor-content-item\">\n\t\t\t\t\t\tVinification and ageing\t\t\t\t\t<\/h2>\n\t\t\t\t\n\t\t\t\t\t\t\t\t\t<div class=\"elementor-cta__description elementor-cta__content-item elementor-content-item\">\n\t\t\t\t\t\tThe vinification process here is traditional, involving an extended maturation in oak barrels for approximately 10 months. A true artisan's effort is applied in the vineyard, with yields rarely exceeding 20 hl\/ha. The fundamental principles of vinification at Mara Wine are based on maintaining the grapes at cool temperatures, pure plot-based vinification, indigenous yeasts (selected from the estate), and gentle extraction. The manual harvest is carried out in crates at dawn to take advantage of the nocturnal temperature drop. With the winery located at the heart of the vineyard, transportation time is minimal. The finest free-run juices are subsequently selected. Before fermentation at low temperatures, a 24-hour cold settling is performed at controlled temperatures between 8 and 10\u00b0C.\n\nThere is no malolactic fermentation for this wine, which is neither fined nor filtered. The Florfina benefits from the natural flavour enhancers that are the micro-pulps of grapes, which elevate this Chardonnay with a floral note and an enchanting reflection.\t\t\t\t\t<\/div>\n\t\t\t\t\n\t\t\t\t\t\t\t<\/div>\n\t\t\t\t\t\t<\/div>\n\t\t\t\t\t\t<\/div>\n\t\t\t\t<\/div>\n\t\t\t\t<\/div>\n\t\t<div class=\"elementor-element elementor-element-72793276 e-con-full e-flex e-con e-child\" data-id=\"72793276\" data-element_type=\"container\" data-e-type=\"container\">\n\t\t\t\t<div class=\"elementor-element elementor-element-1695cf30 elementor-cta--skin-cover elementor-cta--valign-middle elementor-bg-transform elementor-bg-transform-zoom-out elementor-animated-content elementor-widget elementor-widget-call-to-action\" data-id=\"1695cf30\" data-element_type=\"widget\" data-e-type=\"widget\" data-widget_type=\"call-to-action.default\">\n\t\t\t\t<div class=\"elementor-widget-container\">\n\t\t\t\t\t\t\t<div class=\"elementor-cta\">\n\t\t\t\t\t<div class=\"elementor-cta__bg-wrapper\">\n\t\t\t\t<div class=\"elementor-cta__bg elementor-bg\" style=\"background-image: url(https:\/\/marawine.club\/wp-content\/uploads\/2024\/09\/marawine_huitres-1024x683.jpg);\" role=\"img\" aria-label=\"\"><\/div>\n\t\t\t\t<div class=\"elementor-cta__bg-overlay\"><\/div>\n\t\t\t<\/div>\n\t\t\t\t\t\t\t<div class=\"elementor-cta__content\">\n\t\t\t\t\n\t\t\t\t\t\t\t\t\t<h2 class=\"elementor-cta__title elementor-cta__content-item elementor-content-item elementor-animated-item--grow\">\n\t\t\t\t\t\tVine Cycle\t\t\t\t\t<\/h2>\n\t\t\t\t\n\t\t\t\t\t\t\t\t\t<div class=\"elementor-cta__description elementor-cta__content-item elementor-content-item elementor-animated-item--grow\">\n\t\t\t\t\t\tThe budburst in 2023 occurred on 11 April, which is average for Chardonnay. Mid-flowering was noted on 28 May. The relatively dry conditions did not impair the quality of the flowering, which proved to be complete and clustered. Veraison took place between 30 July and 08 August, depending on the grape varieties. The extreme dryness during the summer months encouraged an early halt to growth. The dry summer weather and the lovely Indian summer allowed for excellent ripening, enabling us to harvest each plot at its optimal maturity. The health status of the grapes was extremely satisfactory.\t\t\t\t\t<\/div>\n\t\t\t\t\n\t\t\t\t\t\t\t<\/div>\n\t\t\t\t\t\t<\/div>\n\t\t\t\t\t\t<\/div>\n\t\t\t\t<\/div>\n\t\t\t\t<div class=\"elementor-element elementor-element-f47cbed elementor-cta--skin-cover elementor-cta--valign-middle elementor-bg-transform elementor-bg-transform-zoom-out elementor-animated-content elementor-widget elementor-widget-call-to-action\" data-id=\"f47cbed\" data-element_type=\"widget\" data-e-type=\"widget\" data-widget_type=\"call-to-action.default\">\n\t\t\t\t<div class=\"elementor-widget-container\">\n\t\t\t\t\t\t\t<div class=\"elementor-cta\">\n\t\t\t\t\t<div class=\"elementor-cta__bg-wrapper\">\n\t\t\t\t<div class=\"elementor-cta__bg elementor-bg\" style=\"background-image: url(https:\/\/marawine.club\/wp-content\/uploads\/2024\/09\/marawine_Brice.jpg);\" role=\"img\" aria-label=\"marawine_Brice\"><\/div>\n\t\t\t\t<div class=\"elementor-cta__bg-overlay\"><\/div>\n\t\t\t<\/div>\n\t\t\t\t\t\t\t<div class=\"elementor-cta__content\">\n\t\t\t\t\n\t\t\t\t\t\t\t\t\t<h2 class=\"elementor-cta__title elementor-cta__content-item elementor-content-item elementor-animated-item--grow\">\n\t\t\t\t\t\tBlending\t\t\t\t\t<\/h2>\n\t\t\t\t\n\t\t\t\t\t\t\t\t\t<div class=\"elementor-cta__description elementor-cta__content-item elementor-content-item elementor-animated-item--grow\">\n\t\t\t\t\t\tFlorfina 2023 Blend\n \n100 % Chardonnay\t\t\t\t\t<\/div>\n\t\t\t\t\n\t\t\t\t\t\t\t<\/div>\n\t\t\t\t\t\t<\/div>\n\t\t\t\t\t\t<\/div>\n\t\t\t\t<\/div>\n\t\t\t\t<\/div>\n\t\t\t\t\t<\/div>\n\t\t\t\t<\/div>\n\t\t\t\t<\/div>\n\t\t\t\t<\/div>\n\t\t<div class=\"elementor-element elementor-element-30673c68 e-flex e-con-boxed e-con e-parent\" data-id=\"30673c68\" data-element_type=\"container\" data-e-type=\"container\">\n\t\t\t\t\t<div class=\"e-con-inner\">\n\t\t<div class=\"elementor-element elementor-element-3e4b94cb e-con-full e-flex e-con e-child\" data-id=\"3e4b94cb\" data-element_type=\"container\" data-e-type=\"container\">\n\t\t\t\t<\/div>\n\t\t<div class=\"elementor-element elementor-element-7e56ec4e e-con-full e-flex e-con e-child\" data-id=\"7e56ec4e\" data-element_type=\"container\" data-e-type=\"container\">\n\t\t\t\t<div class=\"elementor-element elementor-element-c54292a elementor-widget elementor-widget-heading\" data-id=\"c54292a\" data-element_type=\"widget\" data-e-type=\"widget\" data-widget_type=\"heading.default\">\n\t\t\t\t<div class=\"elementor-widget-container\">\n\t\t\t\t\t<h2 class=\"elementor-heading-title elementor-size-default\">The tasting<\/h2>\t\t\t\t<\/div>\n\t\t\t\t<\/div>\n\t\t\t\t<div class=\"elementor-element elementor-element-7f482acf elementor-widget elementor-widget-text-editor\" data-id=\"7f482acf\" data-element_type=\"widget\" data-e-type=\"widget\" data-widget_type=\"text-editor.default\">\n\t\t\t\t<div class=\"elementor-widget-container\">\n\t\t\t\t\t\t\t\t\t<p>The appearance of this non-fined, non-filtered Florfina 2023, with its yellow-green reflections, clearly reflects the wine's youthful character. From the first nosing, floral notes dominate, with hints of immortelle, dried flowers, and struck flint. With aeration, the wine reveals its full complexity with mineral undertones. Herbal notes such as sage and rosemary intertwine with fresh floral hints of acacia, lilac, and vine blossom. The initial taste is smooth, showcasing the wine's finesse. The mid-palate is elegant and refined, with volume and sweetness perfectly balanced by crisp, fresh acidity. The aromatic finish fully expresses the wine's complexity with white-fleshed fruit notes (peach, pear). Its long, rich finish is extended by delightful bitters.<\/p>\t\t\t\t\t\t\t\t<\/div>\n\t\t\t\t<\/div>\n\t\t\t\t<\/div>\n\t\t<div class=\"elementor-element elementor-element-576a2300 e-con-full e-flex e-con e-child\" data-id=\"576a2300\" data-element_type=\"container\" data-e-type=\"container\">\n\t\t\t\t<\/div>\n\t\t\t\t\t<\/div>\n\t\t\t\t<\/div>\n\t\t<div class=\"elementor-element elementor-element-730ae26 e-flex e-con-boxed e-con e-parent\" data-id=\"730ae26\" data-element_type=\"container\" data-e-type=\"container\">\n\t\t\t\t\t<div class=\"e-con-inner\">\n\t\t<div class=\"elementor-element elementor-element-18f935d e-con-full e-flex e-con e-child\" data-id=\"18f935d\" data-element_type=\"container\" data-e-type=\"container\">\n\t\t\t\t<div class=\"elementor-element elementor-element-491858c elementor-hidden-desktop elementor-hidden-tablet elementor-widget elementor-widget-heading\" data-id=\"491858c\" data-element_type=\"widget\" data-e-type=\"widget\" data-widget_type=\"heading.default\">\n\t\t\t\t<div class=\"elementor-widget-container\">\n\t\t\t\t\t<h2 class=\"elementor-heading-title elementor-size-default\">Florfina should be served and tasted at 10\u00b0C \n<\/h2>\t\t\t\t<\/div>\n\t\t\t\t<\/div>\n\t\t<div class=\"elementor-element elementor-element-dbf4b3b e-flex e-con-boxed e-con e-child\" data-id=\"dbf4b3b\" data-element_type=\"container\" data-e-type=\"container\">\n\t\t\t\t\t<div class=\"e-con-inner\">\n\t\t\t\t<div class=\"elementor-element elementor-element-97f1395 elementor-hidden-desktop elementor-hidden-tablet elementor-widget elementor-widget-text-editor\" data-id=\"97f1395\" data-element_type=\"widget\" data-e-type=\"widget\" data-widget_type=\"text-editor.default\">\n\t\t\t\t<div class=\"elementor-widget-container\">\n\t\t\t\t\t\t\t\t\t<p>\u00c0 d\u00e9guster \u00a0avec un poulet aux morilles, ou des cannelloni de crabe<\/p>\t\t\t\t\t\t\t\t<\/div>\n\t\t\t\t<\/div>\n\t\t\t\t\t<\/div>\n\t\t\t\t<\/div>\n\t\t\t\t<div class=\"elementor-element elementor-element-2b27729 elementor-widget elementor-widget-image\" data-id=\"2b27729\" data-element_type=\"widget\" data-e-type=\"widget\" data-widget_type=\"image.default\">\n\t\t\t\t<div class=\"elementor-widget-container\">\n\t\t\t\t\t\t\t\t\t\t\t\t\t\t\t<img loading=\"lazy\" decoding=\"async\" width=\"640\" height=\"480\" src=\"https:\/\/marawine.club\/wp-content\/uploads\/2024\/09\/supremeDePoulet.jpg\" class=\"attachment-large size-large wp-image-4484\" alt=\"\" srcset=\"https:\/\/marawine.club\/wp-content\/uploads\/2024\/09\/supremeDePoulet.jpg 640w, https:\/\/marawine.club\/wp-content\/uploads\/2024\/09\/supremeDePoulet-300x225.jpg 300w, https:\/\/marawine.club\/wp-content\/uploads\/2024\/09\/supremeDePoulet-16x12.jpg 16w, https:\/\/marawine.club\/wp-content\/uploads\/2024\/09\/supremeDePoulet-600x450.jpg 600w\" sizes=\"(max-width: 640px) 100vw, 640px\" \/>\t\t\t\t\t\t\t\t\t\t\t\t\t\t\t<\/div>\n\t\t\t\t<\/div>\n\t\t\t\t<\/div>\n\t\t<div class=\"elementor-element elementor-element-46668a5 e-con-full e-flex e-con e-child\" data-id=\"46668a5\" data-element_type=\"container\" data-e-type=\"container\">\n\t\t<div class=\"elementor-element elementor-element-3ab0a5c e-flex e-con-boxed e-con e-child\" data-id=\"3ab0a5c\" data-element_type=\"container\" data-e-type=\"container\">\n\t\t\t\t\t<div class=\"e-con-inner\">\n\t\t\t\t<div class=\"elementor-element elementor-element-5cdfbc3 elementor-hidden-mobile elementor-widget elementor-widget-heading\" data-id=\"5cdfbc3\" data-element_type=\"widget\" data-e-type=\"widget\" data-widget_type=\"heading.default\">\n\t\t\t\t<div class=\"elementor-widget-container\">\n\t\t\t\t\t<h2 class=\"elementor-heading-title elementor-size-default\">Florfina should be served and tasted at 10\u00b0C <\/h2>\t\t\t\t<\/div>\n\t\t\t\t<\/div>\n\t\t\t\t<div class=\"elementor-element elementor-element-26ea53e elementor-hidden-mobile elementor-widget elementor-widget-text-editor\" data-id=\"26ea53e\" data-element_type=\"widget\" data-e-type=\"widget\" data-widget_type=\"text-editor.default\">\n\t\t\t\t<div class=\"elementor-widget-container\">\n\t\t\t\t\t\t\t\t\t<p>To be enjoyed with chicken with morels, or crab cannelloni<\/p>\t\t\t\t\t\t\t\t<\/div>\n\t\t\t\t<\/div>\n\t\t\t\t\t<\/div>\n\t\t\t\t<\/div>\n\t\t\t\t<\/div>\n\t\t\t\t\t<\/div>\n\t\t\t\t<\/div>\n\t\t\t\t<\/div>","protected":false},"excerpt":{"rendered":"<p>Florfina La v\u00e9ritable Cuv\u00e9e des Anges, un Chardonnay de grande race, sur des saveurs florales, \u00e9pic\u00e9es, velout\u00e9es et sapides \u00e0 la fois. Et fortement contingent\u00e9e&#8230; florfina BE READY AS THE UNIVERSE GIVES YOU WHAT YOU ASKED FOR Ample et savoureux, ce vin \u00e0 l\u2019acidit\u00e9 peu perceptible impose un style tout \u00e0 fait particulier dans l\u2019univers [&hellip;]<\/p>\n","protected":false},"author":2,"featured_media":0,"parent":0,"menu_order":0,"comment_status":"closed","ping_status":"closed","template":"","meta":{"pmpro_default_level":"","footnotes":""},"class_list":["post-763","page","type-page","status-publish","hentry","pmpro-has-access"],"_links":{"self":[{"href":"https:\/\/marawine.club\/en\/wp-json\/wp\/v2\/pages\/763","targetHints":{"allow":["GET"]}}],"collection":[{"href":"https:\/\/marawine.club\/en\/wp-json\/wp\/v2\/pages"}],"about":[{"href":"https:\/\/marawine.club\/en\/wp-json\/wp\/v2\/types\/page"}],"author":[{"embeddable":true,"href":"https:\/\/marawine.club\/en\/wp-json\/wp\/v2\/users\/2"}],"replies":[{"embeddable":true,"href":"https:\/\/marawine.club\/en\/wp-json\/wp\/v2\/comments?post=763"}],"version-history":[{"count":311,"href":"https:\/\/marawine.club\/en\/wp-json\/wp\/v2\/pages\/763\/revisions"}],"predecessor-version":[{"id":5460,"href":"https:\/\/marawine.club\/en\/wp-json\/wp\/v2\/pages\/763\/revisions\/5460"}],"wp:attachment":[{"href":"https:\/\/marawine.club\/en\/wp-json\/wp\/v2\/media?parent=763"}],"curies":[{"name":"wp","href":"https:\/\/api.w.org\/{rel}","templated":true}]}}