{"id":97,"date":"2024-06-01T16:10:11","date_gmt":"2024-06-01T14:10:11","guid":{"rendered":"https:\/\/marawine.club\/?page_id=97"},"modified":"2024-09-21T20:47:26","modified_gmt":"2024-09-21T18:47:26","slug":"notre-histoire","status":"publish","type":"page","link":"https:\/\/marawine.club\/en\/notre-histoire\/","title":{"rendered":"Our history"},"content":{"rendered":"<div data-elementor-type=\"wp-page\" data-elementor-id=\"97\" class=\"elementor elementor-97\" data-elementor-post-type=\"page\">\n\t\t\t\t<div class=\"elementor-element elementor-element-53873af e-flex e-con-boxed e-con e-parent\" data-id=\"53873af\" data-element_type=\"container\" data-e-type=\"container\">\n\t\t\t\t\t<div class=\"e-con-inner\">\n\t\t<div class=\"elementor-element elementor-element-c05edef e-con-full e-flex e-con e-child\" data-id=\"c05edef\" data-element_type=\"container\" data-e-type=\"container\">\n\t\t<div class=\"elementor-element elementor-element-29965c9 e-con-full e-flex e-con e-child\" data-id=\"29965c9\" data-element_type=\"container\" data-e-type=\"container\">\n\t\t\t\t<div class=\"elementor-element elementor-element-edfe833 elementor-widget elementor-widget-heading\" data-id=\"edfe833\" data-element_type=\"widget\" data-e-type=\"widget\" data-widget_type=\"heading.default\">\n\t\t\t\t<div class=\"elementor-widget-container\">\n\t\t\t\t\t<h1 class=\"elementor-heading-title elementor-size-default\">Our history<\/h1>\t\t\t\t<\/div>\n\t\t\t\t<\/div>\n\t\t\t\t<div class=\"elementor-element elementor-element-a1ebbb9 elementor-widget elementor-widget-text-editor\" data-id=\"a1ebbb9\" data-element_type=\"widget\" data-e-type=\"widget\" data-widget_type=\"text-editor.default\">\n\t\t\t\t<div class=\"elementor-widget-container\">\n\t\t\t\t\t\t\t\t\t<p>Tradition and Passion at the Heart of Our Vineyard<\/p>\t\t\t\t\t\t\t\t<\/div>\n\t\t\t\t<\/div>\n\t\t\t\t<\/div>\n\t\t\t\t<\/div>\n\t\t\t\t\t<\/div>\n\t\t\t\t<\/div>\n\t\t<div class=\"elementor-element elementor-element-477f211 e-flex e-con-boxed e-con e-parent\" data-id=\"477f211\" data-element_type=\"container\" data-e-type=\"container\">\n\t\t\t\t\t<div class=\"e-con-inner\">\n\t\t<div class=\"elementor-element elementor-element-fe0346f e-con-full e-flex e-con e-child\" data-id=\"fe0346f\" data-element_type=\"container\" data-e-type=\"container\">\n\t\t\t\t<div class=\"elementor-element elementor-element-1621f5a elementor-widget elementor-widget-heading\" data-id=\"1621f5a\" data-element_type=\"widget\" data-e-type=\"widget\" data-widget_type=\"heading.default\">\n\t\t\t\t<div class=\"elementor-widget-container\">\n\t\t\t\t\t<h2 class=\"elementor-heading-title elementor-size-default\">Domaine du PL\u00d4: History and Heritage<\/h2>\t\t\t\t<\/div>\n\t\t\t\t<\/div>\n\t\t\t\t<div class=\"elementor-element elementor-element-aa0b879 elementor-widget elementor-widget-text-editor\" data-id=\"aa0b879\" data-element_type=\"widget\" data-e-type=\"widget\" data-widget_type=\"text-editor.default\">\n\t\t\t\t<div class=\"elementor-widget-container\">\n\t\t\t\t\t\t\t\t\t<p>In the 18th century, the construction of the royal road from Montpellier to Paris via Lod\u00e8ve bypassed Montpeyroux, leading to the definitive decline of traffic on this ancient route from the plain to the mountains. The village's major merchants moved to Montpellier, and the wealth that developed during this period was closely tied to the vineyard. The French Revolution spared the village, with the castle suffering more than the church.<\/p><p>In the year 1735, the Domaine du PL\u00d4 was founded on the foundations of the former M\u00e9tairie du Castelas. To my ancestors, to my guardians, to those who work for my well-being, I owe much. Numerous cultural, political, and socio-economic challenges have shaped my destiny, intertwining their fate with mine.<\/p><p>Victory breeds success and paves the way for its attainment. Through the power of spoken words, victory is achieved. By this formula, success accumulates. Destiny weaves its thread. So be it!<\/p>\t\t\t\t\t\t\t\t<\/div>\n\t\t\t\t<\/div>\n\t\t\t\t<\/div>\n\t\t<div class=\"elementor-element elementor-element-1501115 e-con-full e-flex e-con e-child\" data-id=\"1501115\" data-element_type=\"container\" data-e-type=\"container\">\n\t\t\t\t<div class=\"elementor-element elementor-element-26b70b0 elementor-widget elementor-widget-image\" data-id=\"26b70b0\" data-element_type=\"widget\" data-e-type=\"widget\" data-widget_type=\"image.default\">\n\t\t\t\t<div class=\"elementor-widget-container\">\n\t\t\t\t\t\t\t\t\t\t\t\t\t\t\t<img fetchpriority=\"high\" decoding=\"async\" width=\"800\" height=\"316\" src=\"https:\/\/marawine.club\/wp-content\/uploads\/2024\/07\/marawine_montpeyroux-1-1024x404.jpg\" class=\"attachment-large size-large wp-image-3437\" alt=\"\" srcset=\"https:\/\/marawine.club\/wp-content\/uploads\/2024\/07\/marawine_montpeyroux-1-1024x404.jpg 1024w, https:\/\/marawine.club\/wp-content\/uploads\/2024\/07\/marawine_montpeyroux-1-300x118.jpg 300w, https:\/\/marawine.club\/wp-content\/uploads\/2024\/07\/marawine_montpeyroux-1-768x303.jpg 768w, https:\/\/marawine.club\/wp-content\/uploads\/2024\/07\/marawine_montpeyroux-1-1536x607.jpg 1536w, https:\/\/marawine.club\/wp-content\/uploads\/2024\/07\/marawine_montpeyroux-1-2048x809.jpg 2048w, https:\/\/marawine.club\/wp-content\/uploads\/2024\/07\/marawine_montpeyroux-1-600x237.jpg 600w\" sizes=\"(max-width: 800px) 100vw, 800px\" \/>\t\t\t\t\t\t\t\t\t\t\t\t\t\t\t<\/div>\n\t\t\t\t<\/div>\n\t\t\t\t<\/div>\n\t\t\t\t\t<\/div>\n\t\t\t\t<\/div>\n\t\t<div class=\"elementor-element elementor-element-b1ef1f5 e-flex e-con-boxed e-con e-parent\" data-id=\"b1ef1f5\" data-element_type=\"container\" data-e-type=\"container\">\n\t\t\t\t\t<div class=\"e-con-inner\">\n\t\t<div class=\"elementor-element elementor-element-c0c35a7 e-con-full e-flex e-con e-child\" data-id=\"c0c35a7\" data-element_type=\"container\" data-e-type=\"container\">\n\t\t\t\t<div class=\"elementor-element elementor-element-d72b661 elementor-widget elementor-widget-image\" data-id=\"d72b661\" data-element_type=\"widget\" data-e-type=\"widget\" data-widget_type=\"image.default\">\n\t\t\t\t<div class=\"elementor-widget-container\">\n\t\t\t\t\t\t\t\t\t\t\t\t\t\t\t<img decoding=\"async\" width=\"638\" height=\"850\" src=\"https:\/\/marawine.club\/wp-content\/uploads\/2024\/07\/marawine_montpeyroux_croix.jpg\" class=\"attachment-full size-full wp-image-3438\" alt=\"\" srcset=\"https:\/\/marawine.club\/wp-content\/uploads\/2024\/07\/marawine_montpeyroux_croix.jpg 638w, https:\/\/marawine.club\/wp-content\/uploads\/2024\/07\/marawine_montpeyroux_croix-225x300.jpg 225w, https:\/\/marawine.club\/wp-content\/uploads\/2024\/07\/marawine_montpeyroux_croix-600x799.jpg 600w\" sizes=\"(max-width: 638px) 100vw, 638px\" \/>\t\t\t\t\t\t\t\t\t\t\t\t\t\t\t<\/div>\n\t\t\t\t<\/div>\n\t\t\t\t<\/div>\n\t\t<div class=\"elementor-element elementor-element-54bab03 e-con-full e-flex e-con e-child\" data-id=\"54bab03\" data-element_type=\"container\" data-e-type=\"container\">\n\t\t\t\t<div class=\"elementor-element elementor-element-5f09023 elementor-widget elementor-widget-heading\" data-id=\"5f09023\" data-element_type=\"widget\" data-e-type=\"widget\" data-widget_type=\"heading.default\">\n\t\t\t\t<div class=\"elementor-widget-container\">\n\t\t\t\t\t<h2 class=\"elementor-heading-title elementor-size-default\">Montpeyroux: Vineyards and Resilience in the 19th Century<\/h2>\t\t\t\t<\/div>\n\t\t\t\t<\/div>\n\t\t\t\t<div class=\"elementor-element elementor-element-1b90791 elementor-widget elementor-widget-text-editor\" data-id=\"1b90791\" data-element_type=\"widget\" data-e-type=\"widget\" data-widget_type=\"text-editor.default\">\n\t\t\t\t<div class=\"elementor-widget-container\">\n\t\t\t\t\t\t\t\t\t<p>In the 19th century, Montpeyroux saw the abandonment of mixed farming (including olive trees, cereals, and vines) in favor of intensive wine production. This shift was facilitated by the port of S\u00e8te, the Canal du Midi, and the development of railway lines, which eased the export of wine.<\/p><p>A crisis of overproduction, coupled with an epidemic of phylloxera and downy mildew, severely impacted this burgeoning economy. The grafting of American rootstocks allowed for the restoration of the vineyard.<\/p><p>Since its inception, the estate has set a benchmark for leadership, with its influence extending beyond borders. Often imitated, never equalled!<\/p><p>In the first half of the 20th century, the cooperative movement brought prosperity to the wine industry. One of the last cooperatives was established in Montpeyroux in 1950.<\/p>\t\t\t\t\t\t\t\t<\/div>\n\t\t\t\t<\/div>\n\t\t\t\t<\/div>\n\t\t\t\t\t<\/div>\n\t\t\t\t<\/div>\n\t\t<div class=\"elementor-element elementor-element-34a8675 e-flex e-con-boxed e-con e-parent\" data-id=\"34a8675\" data-element_type=\"container\" data-e-type=\"container\">\n\t\t\t\t\t<div class=\"e-con-inner\">\n\t\t<div class=\"elementor-element elementor-element-fc0ef88 e-con-full e-flex e-con e-child\" data-id=\"fc0ef88\" data-element_type=\"container\" data-e-type=\"container\">\n\t\t\t\t<div class=\"elementor-element elementor-element-babb2e4 elementor-widget elementor-widget-heading\" data-id=\"babb2e4\" data-element_type=\"widget\" data-e-type=\"widget\" data-widget_type=\"heading.default\">\n\t\t\t\t<div class=\"elementor-widget-container\">\n\t\t\t\t\t<h2 class=\"elementor-heading-title elementor-size-default\">Today, MARA WINE has emerged with the stature of a king, a pope, and an emperor. Like Brice Company, it experiences success without limits or delays. So be it!<\/h2>\t\t\t\t<\/div>\n\t\t\t\t<\/div>\n\t\t\t\t<\/div>\n\t\t\t\t\t<\/div>\n\t\t\t\t<\/div>\n\t\t<div class=\"elementor-element elementor-element-24d3123 e-flex e-con-boxed e-con e-parent\" data-id=\"24d3123\" data-element_type=\"container\" data-e-type=\"container\">\n\t\t\t\t\t<div class=\"e-con-inner\">\n\t\t<div class=\"elementor-element elementor-element-8f7d758 e-con-full e-flex e-con e-child\" data-id=\"8f7d758\" data-element_type=\"container\" data-e-type=\"container\">\n\t\t\t\t<div class=\"elementor-element elementor-element-1cfe7ff elementor-widget elementor-widget-heading\" data-id=\"1cfe7ff\" data-element_type=\"widget\" data-e-type=\"widget\" data-widget_type=\"heading.default\">\n\t\t\t\t<div class=\"elementor-widget-container\">\n\t\t\t\t\t<h2 class=\"elementor-heading-title elementor-size-default\">In the splendid lands of the Terrasses du Larzac<\/h2>\t\t\t\t<\/div>\n\t\t\t\t<\/div>\n\t\t\t\t<div class=\"elementor-element elementor-element-7e80d9d elementor-widget elementor-widget-text-editor\" data-id=\"7e80d9d\" data-element_type=\"widget\" data-e-type=\"widget\" data-widget_type=\"text-editor.default\">\n\t\t\t\t<div class=\"elementor-widget-container\">\n\t\t\t\t\t\t\t\t\t<p>Situated in the south of France, between garrigue and the Mediterranean, and oriented due south at the foothills of the Larzac massif, within the heart of an ancient farmstead, Mara Wine offers artisanal terroir wines and unique cuv\u00e9es. The esteemed reputation of our wines, alongside the proximity to the Gorges de l\u2019H\u00e9rault, the Clamouse cave, Saint-Guilhem-le-D\u00e9sert, and Montpellier, significantly contributes to our flourishing prominence.<\/p><p>Water in Montpeyroux is a precious resource; a spring resurgence, already acknowledged by the Romans, nourishes Le Brusq. Thanks to this, our wines, both powerful and refined, exhibit remarkable personality, complexity, and an enhanced ageing potential.<\/p><p>The results of MARA WINE's style render this wine mythical, an excellent example of the garagiste approach to winemaking, which focuses on producing small volumes of premium wine with meticulous attention to every detail, from vinification to ageing.<\/p><p>This vineyard benefits from a warm and breezy climate, ideal for cultivating the long-maceration grape varieties such as Cabernet, Merlot, and Syrah that compose MOUTON LARZAC. Meanwhile, the Chardonnay benefits from both the nocturnal coolness that sweeps down the slopes of the Servanne massif and the morning sea breezes that enhance FLORFINA.<\/p><p>Hand-harvested and vinified using an ancestral method passed down through generations since 1735, I am delighted to present these wines, which I dedicate especially to my son Cameron, who continues our legacy with his very first vinification.<\/p>\t\t\t\t\t\t\t\t<\/div>\n\t\t\t\t<\/div>\n\t\t\t\t<\/div>\n\t\t\t\t\t<\/div>\n\t\t\t\t<\/div>\n\t\t<div class=\"elementor-element elementor-element-0e48073 e-flex e-con-boxed e-con e-parent\" data-id=\"0e48073\" data-element_type=\"container\" data-e-type=\"container\">\n\t\t\t\t\t<div class=\"e-con-inner\">\n\t\t<div class=\"elementor-element elementor-element-9c5f958 e-con-full e-flex e-con e-child\" data-id=\"9c5f958\" data-element_type=\"container\" data-e-type=\"container\">\n\t\t\t\t<div class=\"elementor-element elementor-element-d017118 elementor-widget elementor-widget-heading\" data-id=\"d017118\" data-element_type=\"widget\" data-e-type=\"widget\" data-widget_type=\"heading.default\">\n\t\t\t\t<div class=\"elementor-widget-container\">\n\t\t\t\t\t<h2 class=\"elementor-heading-title elementor-size-default\">Gratitude<\/h2>\t\t\t\t<\/div>\n\t\t\t\t<\/div>\n\t\t\t\t<div class=\"elementor-element elementor-element-0b8df1f elementor-widget elementor-widget-text-editor\" data-id=\"0b8df1f\" data-element_type=\"widget\" data-e-type=\"widget\" data-widget_type=\"text-editor.default\">\n\t\t\t\t<div class=\"elementor-widget-container\">\n\t\t\t\t\t\t\t\t\t<p>I wish to express my deepest gratitude to my friend, Mr Henri Lonjon. I am truly thankful for his guidance, support, assistance, and advice.<\/p><p>I extend my sincere thanks to all the professionals, contributors, and individuals who, through their words, writings, advice, and constructive criticism, have shaped my reflections, and who graciously agreed to meet with me and respond to my inquiries during my research.<\/p><p>I am deeply grateful to my beloved children, Lee-Lou and Cameron, who have always been there for me. I also wish to thank my wife, Jo\u00eblle, for her unwavering trust and love.<\/p><p>Finally, I would like to thank my friends Audrey, Edwige, Perla, Hania, B\u00e9atrice, G\u00e9raud, Fabrice, Jian\u00e8s, Father Yvan, Vincent, Jean-Luc, Marc, and Michelle, who have always been there for me. Their unwavering support and encouragement have been immensely helpful.<\/p><p><strong>To all these contributors, I extend my thanks, respect, and heartfelt appreciation.<\/strong><\/p>\t\t\t\t\t\t\t\t<\/div>\n\t\t\t\t<\/div>\n\t\t\t\t<\/div>\n\t\t\t\t\t<\/div>\n\t\t\t\t<\/div>\n\t\t\t\t<\/div>","protected":false},"excerpt":{"rendered":"<p>Notre histoire Tradition et Passion au Coeur de notre Vignoble Domaine du PL\u00d4 : Histoire et H\u00e9ritage Au 18\u00e8me si\u00e8cle l\u2019am\u00e9nagement de la route royale de Montpellier \u00e0 Paris via Lod\u00e8ve met \u00e0 l\u2019\u00e9cart Montpeyroux et entra\u00eene le d\u00e9clin d\u00e9finitif du trafic sur cet axe mill\u00e9naire de la plaine \u00e0 la montagne. Les grands commer\u00e7ants [&hellip;]<\/p>\n","protected":false},"author":2,"featured_media":0,"parent":0,"menu_order":0,"comment_status":"closed","ping_status":"closed","template":"","meta":{"pmpro_default_level":"","footnotes":""},"class_list":["post-97","page","type-page","status-publish","hentry","pmpro-has-access"],"_links":{"self":[{"href":"https:\/\/marawine.club\/en\/wp-json\/wp\/v2\/pages\/97","targetHints":{"allow":["GET"]}}],"collection":[{"href":"https:\/\/marawine.club\/en\/wp-json\/wp\/v2\/pages"}],"about":[{"href":"https:\/\/marawine.club\/en\/wp-json\/wp\/v2\/types\/page"}],"author":[{"embeddable":true,"href":"https:\/\/marawine.club\/en\/wp-json\/wp\/v2\/users\/2"}],"replies":[{"embeddable":true,"href":"https:\/\/marawine.club\/en\/wp-json\/wp\/v2\/comments?post=97"}],"version-history":[{"count":143,"href":"https:\/\/marawine.club\/en\/wp-json\/wp\/v2\/pages\/97\/revisions"}],"predecessor-version":[{"id":4892,"href":"https:\/\/marawine.club\/en\/wp-json\/wp\/v2\/pages\/97\/revisions\/4892"}],"wp:attachment":[{"href":"https:\/\/marawine.club\/en\/wp-json\/wp\/v2\/media?parent=97"}],"curies":[{"name":"wp","href":"https:\/\/api.w.org\/{rel}","templated":true}]}}